{"id":3991,"date":"2022-08-03T14:30:19","date_gmt":"2022-08-03T13:30:19","guid":{"rendered":"https:\/\/www.voelkl-partners.at\/newsblog\/"},"modified":"2024-04-24T07:52:48","modified_gmt":"2024-04-24T06:52:48","slug":"newsblog","status":"publish","type":"page","link":"https:\/\/www.voelkl-partners.at\/en\/newsblog\/","title":{"rendered":"Newsblog"},"content":{"rendered":"\t\t<div data-elementor-type=\"wp-page\" data-elementor-id=\"3991\" class=\"elementor elementor-3991 elementor-69\" data-elementor-post-type=\"page\">\n\t\t\t\t\t\t<section class=\"elementor-section elementor-top-section elementor-element elementor-element-224162e6 elementor-section-boxed elementor-section-height-default elementor-section-height-default\" data-id=\"224162e6\" data-element_type=\"section\" data-e-type=\"section\">\n\t\t\t\t\t\t<div class=\"elementor-container elementor-column-gap-default\">\n\t\t\t\t\t<div class=\"elementor-column elementor-col-100 elementor-top-column elementor-element elementor-element-219817ec\" data-id=\"219817ec\" data-element_type=\"column\" data-e-type=\"column\">\n\t\t\t<div class=\"elementor-widget-wrap elementor-element-populated\">\n\t\t\t\t\t\t<div class=\"elementor-element elementor-element-22c519b6 elementor-widget elementor-widget-heading\" data-id=\"22c519b6\" data-element_type=\"widget\" data-e-type=\"widget\" data-widget_type=\"heading.default\">\n\t\t\t\t<div class=\"elementor-widget-container\">\n\t\t\t\t\t<h1 class=\"elementor-heading-title elementor-size-default\">Newsblog<\/h1>\t\t\t\t<\/div>\n\t\t\t\t<\/div>\n\t\t\t\t<div class=\"elementor-element elementor-element-7e8fd5c elementor-posts--align-center elementor-grid-3 elementor-grid-tablet-2 elementor-grid-mobile-1 elementor-posts--thumbnail-top elementor-card-shadow-yes elementor-posts__hover-gradient elementor-widget elementor-widget-posts\" data-id=\"7e8fd5c\" data-element_type=\"widget\" data-e-type=\"widget\" data-settings=\"{&quot;cards_columns&quot;:&quot;3&quot;,&quot;cards_columns_tablet&quot;:&quot;2&quot;,&quot;cards_columns_mobile&quot;:&quot;1&quot;,&quot;cards_row_gap&quot;:{&quot;unit&quot;:&quot;px&quot;,&quot;size&quot;:35,&quot;sizes&quot;:[]},&quot;cards_row_gap_tablet&quot;:{&quot;unit&quot;:&quot;px&quot;,&quot;size&quot;:&quot;&quot;,&quot;sizes&quot;:[]},&quot;cards_row_gap_mobile&quot;:{&quot;unit&quot;:&quot;px&quot;,&quot;size&quot;:&quot;&quot;,&quot;sizes&quot;:[]}}\" data-widget_type=\"posts.cards\">\n\t\t\t\t<div class=\"elementor-widget-container\">\n\t\t\t\t\t\t\t<div class=\"elementor-posts-container elementor-posts elementor-posts--skin-cards elementor-grid\" role=\"list\">\n\t\t\t\t<article class=\"elementor-post elementor-grid-item post-4206 post type-post status-publish format-standard has-post-thumbnail hentry category-unkategorisiert\" role=\"listitem\">\n\t\t\t<div class=\"elementor-post__card\">\n\t\t\t\t<a class=\"elementor-post__thumbnail__link\" href=\"https:\/\/www.voelkl-partners.at\/en\/right-simple-to-the-dream-property-save-money-through-efficient-and-targeted-consulting\/\" tabindex=\"-1\" ><div class=\"elementor-post__thumbnail\"><img fetchpriority=\"high\" decoding=\"async\" width=\"300\" height=\"168\" src=\"https:\/\/www.voelkl-partners.at\/wp-content\/uploads\/2022\/12\/voelkl-rechtsanwaelte-leitfaden-immobilien-planung-300x168.jpeg\" class=\"attachment-medium size-medium wp-image-3943\" alt=\"\" srcset=\"https:\/\/www.voelkl-partners.at\/wp-content\/uploads\/2022\/12\/voelkl-rechtsanwaelte-leitfaden-immobilien-planung-300x168.jpeg 300w, https:\/\/www.voelkl-partners.at\/wp-content\/uploads\/2022\/12\/voelkl-rechtsanwaelte-leitfaden-immobilien-planung-768x431.jpeg 768w, https:\/\/www.voelkl-partners.at\/wp-content\/uploads\/2022\/12\/voelkl-rechtsanwaelte-leitfaden-immobilien-planung.jpeg 1024w\" sizes=\"(max-width: 300px) 100vw, 300px\" \/><\/div><\/a>\n\t\t\t\t<div class=\"elementor-post__text\">\n\t\t\t\t<h3 class=\"elementor-post__title\">\n\t\t\t<a href=\"https:\/\/www.voelkl-partners.at\/en\/right-simple-to-the-dream-property-save-money-through-efficient-and-targeted-consulting\/\" >\n\t\t\t\t&#8220;RIGHT SIMPLE&#8221; to the dream property! Save money through efficient and targeted consulting.\t\t\t<\/a>\n\t\t<\/h3>\n\t\t\t\t<div class=\"elementor-post__excerpt\">\n\t\t\t<p>Tips &amp; FAQs &#8211; Real estate purchase and donation of properties The purchase of a property, condominium or a single-family house is for many people<\/p>\n\t\t<\/div>\n\t\t\n\t\t<a class=\"elementor-post__read-more\" href=\"https:\/\/www.voelkl-partners.at\/en\/right-simple-to-the-dream-property-save-money-through-efficient-and-targeted-consulting\/\" aria-label=\"Read more about &#8220;RIGHT SIMPLE&#8221; to the dream property! Save money through efficient and targeted consulting.\" tabindex=\"-1\" >\n\t\t\tRead more \"\t\t<\/a>\n\n\t\t\t\t<\/div>\n\t\t\t\t\t<\/div>\n\t\t<\/article>\n\t\t\t\t<article class=\"elementor-post elementor-grid-item post-4249 post type-post status-publish format-standard has-post-thumbnail hentry category-unkategorisiert\" role=\"listitem\">\n\t\t\t<div class=\"elementor-post__card\">\n\t\t\t\t<a class=\"elementor-post__thumbnail__link\" href=\"https:\/\/www.voelkl-partners.at\/en\/cyber-security-response-team-cert\/\" tabindex=\"-1\" ><div class=\"elementor-post__thumbnail\"><img decoding=\"async\" width=\"300\" height=\"166\" src=\"https:\/\/www.voelkl-partners.at\/wp-content\/uploads\/2020\/04\/Cyber-Security-300x166.jpg\" class=\"attachment-medium size-medium wp-image-3845\" alt=\"\" srcset=\"https:\/\/www.voelkl-partners.at\/wp-content\/uploads\/2020\/04\/Cyber-Security-300x166.jpg 300w, https:\/\/www.voelkl-partners.at\/wp-content\/uploads\/2020\/04\/Cyber-Security-1024x566.jpg 1024w, https:\/\/www.voelkl-partners.at\/wp-content\/uploads\/2020\/04\/Cyber-Security-768x424.jpg 768w, https:\/\/www.voelkl-partners.at\/wp-content\/uploads\/2020\/04\/Cyber-Security-1536x848.jpg 1536w, https:\/\/www.voelkl-partners.at\/wp-content\/uploads\/2020\/04\/Cyber-Security-2048x1131.jpg 2048w\" sizes=\"(max-width: 300px) 100vw, 300px\" \/><\/div><\/a>\n\t\t\t\t<div class=\"elementor-post__text\">\n\t\t\t\t<h3 class=\"elementor-post__title\">\n\t\t\t<a href=\"https:\/\/www.voelkl-partners.at\/en\/cyber-security-response-team-cert\/\" >\n\t\t\t\tCyber Security Response Team (CERT)\t\t\t<\/a>\n\t\t<\/h3>\n\t\t\t\t<div class=\"elementor-post__excerpt\">\n\t\t\t<p>Cyber crime has become one of the biggest risks for businesses. New cases of extortion become known almost daily, often involving demands for sums in<\/p>\n\t\t<\/div>\n\t\t\n\t\t<a class=\"elementor-post__read-more\" href=\"https:\/\/www.voelkl-partners.at\/en\/cyber-security-response-team-cert\/\" aria-label=\"Read more about Cyber Security Response Team (CERT)\" tabindex=\"-1\" >\n\t\t\tRead more \"\t\t<\/a>\n\n\t\t\t\t<\/div>\n\t\t\t\t\t<\/div>\n\t\t<\/article>\n\t\t\t\t<\/div>\n\t\t\n\t\t\t\t\t\t<\/div>\n\t\t\t\t<\/div>\n\t\t\t\t\t<\/div>\n\t\t<\/div>\n\t\t\t\t\t<\/div>\n\t\t<\/section>\n\t\t\t\t<\/div>\n\t\t","protected":false},"excerpt":{"rendered":"","protected":false},"author":2,"featured_media":0,"parent":0,"menu_order":0,"comment_status":"closed","ping_status":"closed","template":"page-templates\/template-pagebuilder-full-width.php","meta":{"neve_meta_sidebar":"","neve_meta_container":"","neve_meta_enable_content_width":"","neve_meta_content_width":0,"neve_meta_title_alignment":"","neve_meta_author_avatar":"","neve_post_elements_order":"","neve_meta_disable_header":"","neve_meta_disable_footer":"","neve_meta_disable_title":"","neve_meta_reading_time":"","footnotes":""},"class_list":["post-3991","page","type-page","status-publish","hentry"],"yoast_head":"<!-- This site is optimized with the Yoast SEO plugin v27.3 - https:\/\/yoast.com\/product\/yoast-seo-wordpress\/ -->\n<title>Blog by the lawyer from Vienna | Legal advice Vienna | V\u00d6LKL<\/title>\n<meta name=\"description\" content=\"Blog from a lawyer? We are constantly informing about legal news in our blog. Visit us on our website!\" \/>\n<meta name=\"robots\" content=\"index, follow, max-snippet:-1, max-image-preview:large, max-video-preview:-1\" \/>\n<link rel=\"canonical\" href=\"https:\/\/www.voelkl-partners.at\/en\/newsblog\/\" \/>\n<meta property=\"og:locale\" content=\"en_US\" \/>\n<meta property=\"og:type\" content=\"article\" \/>\n<meta property=\"og:title\" content=\"Blog by the lawyer from Vienna | Legal advice Vienna | V\u00d6LKL\" \/>\n<meta property=\"og:description\" content=\"Blog from a lawyer? We are constantly informing about legal news in our blog. Visit us on our website!\" \/>\n<meta property=\"og:url\" content=\"https:\/\/www.voelkl-partners.at\/en\/newsblog\/\" \/>\n<meta property=\"og:site_name\" content=\"V\u00f6lkl Rechtsanw\u00e4lte\" \/>\n<meta property=\"article:modified_time\" content=\"2024-04-24T06:52:48+00:00\" \/>\n<meta name=\"twitter:card\" content=\"summary_large_image\" \/>\n<script type=\"application\/ld+json\" class=\"yoast-schema-graph\">{\"@context\":\"https:\\\/\\\/schema.org\",\"@graph\":[{\"@type\":\"WebPage\",\"@id\":\"https:\\\/\\\/www.voelkl-partners.at\\\/en\\\/newsblog\\\/\",\"url\":\"https:\\\/\\\/www.voelkl-partners.at\\\/en\\\/newsblog\\\/\",\"name\":\"Blog by the lawyer from Vienna | Legal advice Vienna | V\u00d6LKL\",\"isPartOf\":{\"@id\":\"https:\\\/\\\/www.voelkl-partners.at\\\/en\\\/#website\"},\"datePublished\":\"2022-08-03T13:30:19+00:00\",\"dateModified\":\"2024-04-24T06:52:48+00:00\",\"description\":\"Blog from a lawyer? We are constantly informing about legal news in our blog. Visit us on our website!\",\"breadcrumb\":{\"@id\":\"https:\\\/\\\/www.voelkl-partners.at\\\/en\\\/newsblog\\\/#breadcrumb\"},\"inLanguage\":\"en-US\",\"potentialAction\":[{\"@type\":\"ReadAction\",\"target\":[\"https:\\\/\\\/www.voelkl-partners.at\\\/en\\\/newsblog\\\/\"]}]},{\"@type\":\"BreadcrumbList\",\"@id\":\"https:\\\/\\\/www.voelkl-partners.at\\\/en\\\/newsblog\\\/#breadcrumb\",\"itemListElement\":[{\"@type\":\"ListItem\",\"position\":1,\"name\":\"Home\",\"item\":\"https:\\\/\\\/www.voelkl-partners.at\\\/en\\\/\"},{\"@type\":\"ListItem\",\"position\":2,\"name\":\"Newsblog\"}]},{\"@type\":\"WebSite\",\"@id\":\"https:\\\/\\\/www.voelkl-partners.at\\\/en\\\/#website\",\"url\":\"https:\\\/\\\/www.voelkl-partners.at\\\/en\\\/\",\"name\":\"V\u00f6lkl Rechtsanw\u00e4lte\",\"description\":\"Wir unterst\u00fctzen Sie in allen wirtschaftsrechtlichen Belangen!\",\"publisher\":{\"@id\":\"https:\\\/\\\/www.voelkl-partners.at\\\/en\\\/#organization\"},\"potentialAction\":[{\"@type\":\"SearchAction\",\"target\":{\"@type\":\"EntryPoint\",\"urlTemplate\":\"https:\\\/\\\/www.voelkl-partners.at\\\/en\\\/?s={search_term_string}\"},\"query-input\":{\"@type\":\"PropertyValueSpecification\",\"valueRequired\":true,\"valueName\":\"search_term_string\"}}],\"inLanguage\":\"en-US\"},{\"@type\":\"Organization\",\"@id\":\"https:\\\/\\\/www.voelkl-partners.at\\\/en\\\/#organization\",\"name\":\"V\u00f6lkl Rechtsanw\u00e4lte\",\"url\":\"https:\\\/\\\/www.voelkl-partners.at\\\/en\\\/\",\"logo\":{\"@type\":\"ImageObject\",\"inLanguage\":\"en-US\",\"@id\":\"https:\\\/\\\/www.voelkl-partners.at\\\/en\\\/#\\\/schema\\\/logo\\\/image\\\/\",\"url\":\"https:\\\/\\\/www.voelkl-partners.at\\\/wp-content\\\/uploads\\\/2022\\\/08\\\/voelkl_logo_rgb_300dpi_neg.png\",\"contentUrl\":\"https:\\\/\\\/www.voelkl-partners.at\\\/wp-content\\\/uploads\\\/2022\\\/08\\\/voelkl_logo_rgb_300dpi_neg.png\",\"width\":3695,\"height\":1500,\"caption\":\"V\u00f6lkl Rechtsanw\u00e4lte\"},\"image\":{\"@id\":\"https:\\\/\\\/www.voelkl-partners.at\\\/en\\\/#\\\/schema\\\/logo\\\/image\\\/\"}}]}<\/script>\n<!-- \/ Yoast SEO plugin. -->","yoast_head_json":{"title":"Blog by the lawyer from Vienna | Legal advice Vienna | V\u00d6LKL","description":"Blog from a lawyer? We are constantly informing about legal news in our blog. Visit us on our website!","robots":{"index":"index","follow":"follow","max-snippet":"max-snippet:-1","max-image-preview":"max-image-preview:large","max-video-preview":"max-video-preview:-1"},"canonical":"https:\/\/www.voelkl-partners.at\/en\/newsblog\/","og_locale":"en_US","og_type":"article","og_title":"Blog by the lawyer from Vienna | Legal advice Vienna | V\u00d6LKL","og_description":"Blog from a lawyer? We are constantly informing about legal news in our blog. Visit us on our website!","og_url":"https:\/\/www.voelkl-partners.at\/en\/newsblog\/","og_site_name":"V\u00f6lkl Rechtsanw\u00e4lte","article_modified_time":"2024-04-24T06:52:48+00:00","twitter_card":"summary_large_image","schema":{"@context":"https:\/\/schema.org","@graph":[{"@type":"WebPage","@id":"https:\/\/www.voelkl-partners.at\/en\/newsblog\/","url":"https:\/\/www.voelkl-partners.at\/en\/newsblog\/","name":"Blog by the lawyer from Vienna | Legal advice Vienna | V\u00d6LKL","isPartOf":{"@id":"https:\/\/www.voelkl-partners.at\/en\/#website"},"datePublished":"2022-08-03T13:30:19+00:00","dateModified":"2024-04-24T06:52:48+00:00","description":"Blog from a lawyer? We are constantly informing about legal news in our blog. Visit us on our website!","breadcrumb":{"@id":"https:\/\/www.voelkl-partners.at\/en\/newsblog\/#breadcrumb"},"inLanguage":"en-US","potentialAction":[{"@type":"ReadAction","target":["https:\/\/www.voelkl-partners.at\/en\/newsblog\/"]}]},{"@type":"BreadcrumbList","@id":"https:\/\/www.voelkl-partners.at\/en\/newsblog\/#breadcrumb","itemListElement":[{"@type":"ListItem","position":1,"name":"Home","item":"https:\/\/www.voelkl-partners.at\/en\/"},{"@type":"ListItem","position":2,"name":"Newsblog"}]},{"@type":"WebSite","@id":"https:\/\/www.voelkl-partners.at\/en\/#website","url":"https:\/\/www.voelkl-partners.at\/en\/","name":"V\u00f6lkl Rechtsanw\u00e4lte","description":"Wir unterst\u00fctzen Sie in allen wirtschaftsrechtlichen Belangen!","publisher":{"@id":"https:\/\/www.voelkl-partners.at\/en\/#organization"},"potentialAction":[{"@type":"SearchAction","target":{"@type":"EntryPoint","urlTemplate":"https:\/\/www.voelkl-partners.at\/en\/?s={search_term_string}"},"query-input":{"@type":"PropertyValueSpecification","valueRequired":true,"valueName":"search_term_string"}}],"inLanguage":"en-US"},{"@type":"Organization","@id":"https:\/\/www.voelkl-partners.at\/en\/#organization","name":"V\u00f6lkl Rechtsanw\u00e4lte","url":"https:\/\/www.voelkl-partners.at\/en\/","logo":{"@type":"ImageObject","inLanguage":"en-US","@id":"https:\/\/www.voelkl-partners.at\/en\/#\/schema\/logo\/image\/","url":"https:\/\/www.voelkl-partners.at\/wp-content\/uploads\/2022\/08\/voelkl_logo_rgb_300dpi_neg.png","contentUrl":"https:\/\/www.voelkl-partners.at\/wp-content\/uploads\/2022\/08\/voelkl_logo_rgb_300dpi_neg.png","width":3695,"height":1500,"caption":"V\u00f6lkl Rechtsanw\u00e4lte"},"image":{"@id":"https:\/\/www.voelkl-partners.at\/en\/#\/schema\/logo\/image\/"}}]}},"_links":{"self":[{"href":"https:\/\/www.voelkl-partners.at\/en\/wp-json\/wp\/v2\/pages\/3991","targetHints":{"allow":["GET"]}}],"collection":[{"href":"https:\/\/www.voelkl-partners.at\/en\/wp-json\/wp\/v2\/pages"}],"about":[{"href":"https:\/\/www.voelkl-partners.at\/en\/wp-json\/wp\/v2\/types\/page"}],"author":[{"embeddable":true,"href":"https:\/\/www.voelkl-partners.at\/en\/wp-json\/wp\/v2\/users\/2"}],"replies":[{"embeddable":true,"href":"https:\/\/www.voelkl-partners.at\/en\/wp-json\/wp\/v2\/comments?post=3991"}],"version-history":[{"count":1,"href":"https:\/\/www.voelkl-partners.at\/en\/wp-json\/wp\/v2\/pages\/3991\/revisions"}],"predecessor-version":[{"id":3992,"href":"https:\/\/www.voelkl-partners.at\/en\/wp-json\/wp\/v2\/pages\/3991\/revisions\/3992"}],"wp:attachment":[{"href":"https:\/\/www.voelkl-partners.at\/en\/wp-json\/wp\/v2\/media?parent=3991"}],"curies":[{"name":"wp","href":"https:\/\/api.w.org\/{rel}","templated":true}]}}