{"id":3997,"date":"2022-08-16T15:42:51","date_gmt":"2022-08-16T14:42:51","guid":{"rendered":"https:\/\/www.voelkl-partners.at\/philipp-frenzl\/"},"modified":"2026-01-07T10:26:34","modified_gmt":"2026-01-07T09:26:34","slug":"philipp-frenzl","status":"publish","type":"page","link":"https:\/\/www.voelkl-partners.at\/en\/philipp-frenzl\/","title":{"rendered":"Philipp Frenzl"},"content":{"rendered":"\t\t<div data-elementor-type=\"wp-page\" data-elementor-id=\"3997\" class=\"elementor elementor-3997 elementor-419\" data-elementor-post-type=\"page\">\n\t\t\t\t\t\t<section class=\"elementor-section elementor-top-section elementor-element elementor-element-def87e5 elementor-hidden-desktop elementor-hidden-tablet elementor-section-boxed elementor-section-height-default elementor-section-height-default\" data-id=\"def87e5\" data-element_type=\"section\" data-e-type=\"section\">\n\t\t\t\t\t\t<div class=\"elementor-container elementor-column-gap-default\">\n\t\t\t\t\t<div class=\"elementor-column elementor-col-100 elementor-top-column elementor-element elementor-element-e796893\" data-id=\"e796893\" data-element_type=\"column\" data-e-type=\"column\">\n\t\t\t<div class=\"elementor-widget-wrap elementor-element-populated\">\n\t\t\t\t\t\t<div class=\"elementor-element elementor-element-774b9e9 elementor-widget elementor-widget-heading\" data-id=\"774b9e9\" data-element_type=\"widget\" data-e-type=\"widget\" data-widget_type=\"heading.default\">\n\t\t\t\t<div class=\"elementor-widget-container\">\n\t\t\t\t\t<h1 class=\"elementor-heading-title elementor-size-default\">Philipp Frenzl<\/h1>\t\t\t\t<\/div>\n\t\t\t\t<\/div>\n\t\t\t\t\t<\/div>\n\t\t<\/div>\n\t\t\t\t\t<\/div>\n\t\t<\/section>\n\t\t\t\t<section class=\"elementor-section elementor-top-section elementor-element elementor-element-cb1e930 elementor-reverse-mobile elementor-section-boxed elementor-section-height-default elementor-section-height-default\" data-id=\"cb1e930\" data-element_type=\"section\" data-e-type=\"section\" data-settings=\"{&quot;background_background&quot;:&quot;classic&quot;}\">\n\t\t\t\t\t\t<div class=\"elementor-container elementor-column-gap-default\">\n\t\t\t\t\t<div class=\"elementor-column elementor-col-50 elementor-top-column elementor-element elementor-element-1588ab2\" data-id=\"1588ab2\" data-element_type=\"column\" data-e-type=\"column\" data-settings=\"{&quot;background_background&quot;:&quot;classic&quot;}\">\n\t\t\t<div class=\"elementor-widget-wrap elementor-element-populated\">\n\t\t\t\t\t\t<div class=\"elementor-element elementor-element-3780f5f elementor-hidden-mobile elementor-widget elementor-widget-heading\" data-id=\"3780f5f\" data-element_type=\"widget\" data-e-type=\"widget\" data-widget_type=\"heading.default\">\n\t\t\t\t<div class=\"elementor-widget-container\">\n\t\t\t\t\t<h1 class=\"elementor-heading-title elementor-size-default\">Philipp Frenzl<\/h1>\t\t\t\t<\/div>\n\t\t\t\t<\/div>\n\t\t\t\t<div class=\"elementor-element elementor-element-8c677a1 elementor-widget elementor-widget-text-editor\" data-id=\"8c677a1\" data-element_type=\"widget\" data-e-type=\"widget\" data-widget_type=\"text-editor.default\">\n\t\t\t\t<div class=\"elementor-widget-container\">\n\t\t\t\t\t\t\t\t\t<p>is a partner and advises in the areas of<\/p>\t\t\t\t\t\t\t\t<\/div>\n\t\t\t\t<\/div>\n\t\t\t\t<div class=\"elementor-element elementor-element-5f284fce elementor-align-start elementor-icon-list--layout-traditional elementor-list-item-link-full_width elementor-widget elementor-widget-icon-list\" data-id=\"5f284fce\" data-element_type=\"widget\" data-e-type=\"widget\" data-widget_type=\"icon-list.default\">\n\t\t\t\t<div class=\"elementor-widget-container\">\n\t\t\t\t\t\t\t<ul class=\"elementor-icon-list-items\">\n\t\t\t\t\t\t\t<li class=\"elementor-icon-list-item\">\n\t\t\t\t\t\t\t\t\t\t\t<a href=\"https:\/\/www.voelkl-partners.at\/en\/financial-institutions\/\">\n\n\t\t\t\t\t\t\t\t\t\t\t\t<span class=\"elementor-icon-list-icon\">\n\t\t\t\t\t\t\t<i aria-hidden=\"true\" class=\"fas fa-caret-right\"><\/i>\t\t\t\t\t\t<\/span>\n\t\t\t\t\t\t\t\t\t\t<span class=\"elementor-icon-list-text\">Banking and banking supervision law<\/span>\n\t\t\t\t\t\t\t\t\t\t\t<\/a>\n\t\t\t\t\t\t\t\t\t<\/li>\n\t\t\t\t\t\t\t\t<li class=\"elementor-icon-list-item\">\n\t\t\t\t\t\t\t\t\t\t\t<a href=\"https:\/\/www.voelkl-partners.at\/en\/building-real-estate\/\">\n\n\t\t\t\t\t\t\t\t\t\t\t\t<span class=\"elementor-icon-list-icon\">\n\t\t\t\t\t\t\t<i aria-hidden=\"true\" class=\"fas fa-caret-right\"><\/i>\t\t\t\t\t\t<\/span>\n\t\t\t\t\t\t\t\t\t\t<span class=\"elementor-icon-list-text\">Construction and real estate law<\/span>\n\t\t\t\t\t\t\t\t\t\t\t<\/a>\n\t\t\t\t\t\t\t\t\t<\/li>\n\t\t\t\t\t\t\t\t<li class=\"elementor-icon-list-item\">\n\t\t\t\t\t\t\t\t\t\t\t<span class=\"elementor-icon-list-icon\">\n\t\t\t\t\t\t\t<i aria-hidden=\"true\" class=\"fas fa-caret-right\"><\/i>\t\t\t\t\t\t<\/span>\n\t\t\t\t\t\t\t\t\t\t<span class=\"elementor-icon-list-text\"><b>Collaborative Law<\/b><\/span>\n\t\t\t\t\t\t\t\t\t<\/li>\n\t\t\t\t\t\t\t\t<li class=\"elementor-icon-list-item\">\n\t\t\t\t\t\t\t\t\t\t\t<a href=\"https:\/\/www.voelkl-partners.at\/en\/corporate-business-law\/\">\n\n\t\t\t\t\t\t\t\t\t\t\t\t<span class=\"elementor-icon-list-icon\">\n\t\t\t\t\t\t\t<i aria-hidden=\"true\" class=\"fas fa-caret-right\"><\/i>\t\t\t\t\t\t<\/span>\n\t\t\t\t\t\t\t\t\t\t<span class=\"elementor-icon-list-text\">Corporate and company law<\/span>\n\t\t\t\t\t\t\t\t\t\t\t<\/a>\n\t\t\t\t\t\t\t\t\t<\/li>\n\t\t\t\t\t\t\t\t<li class=\"elementor-icon-list-item\">\n\t\t\t\t\t\t\t\t\t\t\t<a href=\"https:\/\/www.voelkl-partners.at\/en\/cyber-security-data-protection\/\">\n\n\t\t\t\t\t\t\t\t\t\t\t\t<span class=\"elementor-icon-list-icon\">\n\t\t\t\t\t\t\t<i aria-hidden=\"true\" class=\"fas fa-caret-right\"><\/i>\t\t\t\t\t\t<\/span>\n\t\t\t\t\t\t\t\t\t\t<span class=\"elementor-icon-list-text\">Cyber Security &amp; Data Protection<\/span>\n\t\t\t\t\t\t\t\t\t\t\t<\/a>\n\t\t\t\t\t\t\t\t\t<\/li>\n\t\t\t\t\t\t\t\t<li class=\"elementor-icon-list-item\">\n\t\t\t\t\t\t\t\t\t\t\t<a href=\"https:\/\/www.voelkl-partners.at\/en\/sports-law-sponsoring\/\">\n\n\t\t\t\t\t\t\t\t\t\t\t\t<span class=\"elementor-icon-list-icon\">\n\t\t\t\t\t\t\t<i aria-hidden=\"true\" class=\"fas fa-caret-right\"><\/i>\t\t\t\t\t\t<\/span>\n\t\t\t\t\t\t\t\t\t\t<span class=\"elementor-icon-list-text\">Sports law and sponsoring<\/span>\n\t\t\t\t\t\t\t\t\t\t\t<\/a>\n\t\t\t\t\t\t\t\t\t<\/li>\n\t\t\t\t\t\t\t\t<li class=\"elementor-icon-list-item\">\n\t\t\t\t\t\t\t\t\t\t\t<a href=\"https:\/\/www.voelkl-partners.at\/en\/business-criminal-law\/\">\n\n\t\t\t\t\t\t\t\t\t\t\t\t<span class=\"elementor-icon-list-icon\">\n\t\t\t\t\t\t\t<i aria-hidden=\"true\" class=\"fas fa-caret-right\"><\/i>\t\t\t\t\t\t<\/span>\n\t\t\t\t\t\t\t\t\t\t<span class=\"elementor-icon-list-text\">Business Criminal Law<\/span>\n\t\t\t\t\t\t\t\t\t\t\t<\/a>\n\t\t\t\t\t\t\t\t\t<\/li>\n\t\t\t\t\t\t<\/ul>\n\t\t\t\t\t\t<\/div>\n\t\t\t\t<\/div>\n\t\t\t\t<div class=\"elementor-element elementor-element-4acd91df elementor-widget elementor-widget-text-editor\" data-id=\"4acd91df\" data-element_type=\"widget\" data-e-type=\"widget\" data-widget_type=\"text-editor.default\">\n\t\t\t\t<div class=\"elementor-widget-container\">\n\t\t\t\t\t\t\t\t\t<p>Philipp Frenzl studied in Vienna and was also a professional soccer player (for <a href=\"https:\/\/www.skrapid.at\" target=\"_blank\" rel=\"noopener\">SK Rapid Wien<\/a>, <a href=\"https:\/\/wienersportclub.com\/\" target=\"_blank\" rel=\"noopener\">Wiener Sportklub<\/a>, <a href=\"https:\/\/www.firstviennafc.at\/\" target=\"_blank\" rel=\"noopener\">First Vienna Football Club 1894<\/a>, among others), multiple <a href=\"https:\/\/www.oefb.at\/\" target=\"_blank\" rel=\"noopener\">\u00d6FB<\/a> youth and U-21 national team player (as well as European vice-champion with the Austrian youth national team). Afterwards, he worked in various commercial law firms. Philipp Frenzl has been a partner at V\u00f6lkl Rechtsanw\u00e4lte since 2020.<\/p>\t\t\t\t\t\t\t\t<\/div>\n\t\t\t\t<\/div>\n\t\t\t\t\t<\/div>\n\t\t<\/div>\n\t\t\t\t<div class=\"elementor-column elementor-col-50 elementor-top-column elementor-element elementor-element-da73e85\" data-id=\"da73e85\" data-element_type=\"column\" data-e-type=\"column\" data-settings=\"{&quot;background_background&quot;:&quot;classic&quot;}\">\n\t\t\t<div class=\"elementor-widget-wrap elementor-element-populated\">\n\t\t\t\t\t\t<div class=\"elementor-element elementor-element-b5b0d99 elementor-widget elementor-widget-neve_team_member\" data-id=\"b5b0d99\" data-element_type=\"widget\" data-e-type=\"widget\" data-widget_type=\"neve_team_member.default\">\n\t\t\t\t<div class=\"elementor-widget-container\">\n\t\t\t\t\t<figure class=\"neb-member-figure \"><img fetchpriority=\"high\" decoding=\"async\" width=\"1707\" height=\"2560\" src=\"https:\/\/www.voelkl-partners.at\/wp-content\/uploads\/2024\/02\/Philipp-Frenzl-scaled.jpg\" class=\"elementor-animation-disable-animation attachment-full size-full wp-image-4555\" alt=\"\" srcset=\"https:\/\/www.voelkl-partners.at\/wp-content\/uploads\/2024\/02\/Philipp-Frenzl-scaled.jpg 1707w, https:\/\/www.voelkl-partners.at\/wp-content\/uploads\/2024\/02\/Philipp-Frenzl-200x300.jpg 200w, https:\/\/www.voelkl-partners.at\/wp-content\/uploads\/2024\/02\/Philipp-Frenzl-683x1024.jpg 683w, https:\/\/www.voelkl-partners.at\/wp-content\/uploads\/2024\/02\/Philipp-Frenzl-768x1152.jpg 768w, https:\/\/www.voelkl-partners.at\/wp-content\/uploads\/2024\/02\/Philipp-Frenzl-1024x1536.jpg 1024w, https:\/\/www.voelkl-partners.at\/wp-content\/uploads\/2024\/02\/Philipp-Frenzl-1365x2048.jpg 1365w\" sizes=\"(max-width: 1707px) 100vw, 1707px\" \/><\/figure><div class=\"neb-member-body\"><div class=\"neb-member-position\">Partner<\/div><div class=\"neb-member-bio\"><p><a href=\"mailto:p.frenzl@voelkl.partners\">p.frenzl@voelkl.partners<\/a><\/p><\/div><\/div>\t\t\t\t<\/div>\n\t\t\t\t<\/div>\n\t\t\t\t\t<\/div>\n\t\t<\/div>\n\t\t\t\t\t<\/div>\n\t\t<\/section>\n\t\t\t\t<section class=\"elementor-section elementor-top-section elementor-element elementor-element-8830a87 elementor-section-boxed elementor-section-height-default elementor-section-height-default\" data-id=\"8830a87\" data-element_type=\"section\" data-e-type=\"section\">\n\t\t\t\t\t\t<div class=\"elementor-container elementor-column-gap-default\">\n\t\t\t\t\t<div class=\"elementor-column elementor-col-100 elementor-top-column elementor-element elementor-element-b2ea347\" data-id=\"b2ea347\" data-element_type=\"column\" data-e-type=\"column\">\n\t\t\t<div class=\"elementor-widget-wrap elementor-element-populated\">\n\t\t\t\t\t\t<div class=\"elementor-element elementor-element-bfebcbc elementor-widget elementor-widget-text-editor\" data-id=\"bfebcbc\" data-element_type=\"widget\" data-e-type=\"widget\" data-widget_type=\"text-editor.default\">\n\t\t\t\t<div class=\"elementor-widget-container\">\n\t\t\t\t\t\t\t\t\t<p>Philipp Frenzl is Country Correspondent of <a href=\"https:\/\/uk.practicallaw.thomsonreuters.com\/w-015-9215?transitionType=Default&amp;contextData=(sc.Default)&amp;firstPage=true\" target=\"_blank\" rel=\"noopener\">Thomson Reuters<\/a> in the area of real estate law<\/p><p>In addition, he completed the &#8220;Collaborative Law&#8221; training and was a member of the supervisory board of a start-up company, goood network Holding AG, until 2019.<\/p><p>Philipp Frenzl is a university lecturer at the Institute for Civil and Corporate Law at the <a href=\"https:\/\/www.wu.ac.at\/iplaw\/team\/externe\/\" target=\"_blank\" rel=\"noopener\">Vienna University of Economics and Business Administration<\/a>, a lecturer at the Danube University Krems and at the Economic Development Institute of the Austrian Federal Economic Chamber, author of specialist publications and founder of the sports consulting platform <a href=\"http:\/\/www.gooodsports.at\/\" target=\"_blank\" rel=\"noopener\">www.gooodsports.at<\/a>.<\/p><p>He is also a trusted attorney of the American Embassy in Vienna.<\/p>\t\t\t\t\t\t\t\t<\/div>\n\t\t\t\t<\/div>\n\t\t\t\t<div class=\"elementor-element elementor-element-3dd2f3b elementor-align-justify elementor-widget elementor-widget-button\" data-id=\"3dd2f3b\" data-element_type=\"widget\" data-e-type=\"widget\" data-widget_type=\"button.default\">\n\t\t\t\t<div class=\"elementor-widget-container\">\n\t\t\t\t\t\t\t\t\t<div class=\"elementor-button-wrapper\">\n\t\t\t\t\t<a class=\"elementor-button elementor-button-link elementor-size-sm\" href=\"https:\/\/www.voelkl-partners.at\/en\/publications\/\">\n\t\t\t\t\t\t<span class=\"elementor-button-content-wrapper\">\n\t\t\t\t\t\t\t\t\t<span class=\"elementor-button-text\">About my publications<\/span>\n\t\t\t\t\t<\/span>\n\t\t\t\t\t<\/a>\n\t\t\t\t<\/div>\n\t\t\t\t\t\t\t\t<\/div>\n\t\t\t\t<\/div>\n\t\t\t\t\t<\/div>\n\t\t<\/div>\n\t\t\t\t\t<\/div>\n\t\t<\/section>\n\t\t\t\t<\/div>\n\t\t","protected":false},"excerpt":{"rendered":"<p>is a partner and advises in the areas of Banking and banking supervision law Construction and real estate law Collaborative Law Corporate and company law Cyber Security &amp; Data Protection Sports law and sponsoring Business Criminal Law Philipp Frenzl studied in Vienna and was also a professional soccer player (for SK Rapid Wien, Wiener Sportklub,&hellip;&nbsp;<\/p>\n","protected":false},"author":2,"featured_media":0,"parent":0,"menu_order":0,"comment_status":"closed","ping_status":"closed","template":"page-templates\/template-pagebuilder-full-width.php","meta":{"neve_meta_sidebar":"","neve_meta_container":"","neve_meta_enable_content_width":"","neve_meta_content_width":0,"neve_meta_title_alignment":"","neve_meta_author_avatar":"","neve_post_elements_order":"","neve_meta_disable_header":"","neve_meta_disable_footer":"","neve_meta_disable_title":"","neve_meta_reading_time":"","footnotes":""},"class_list":["post-3997","page","type-page","status-publish","hentry"],"yoast_head":"<!-- This site is optimized with the Yoast SEO plugin v27.3 - https:\/\/yoast.com\/product\/yoast-seo-wordpress\/ -->\n<title>Philipp Frenzl | Legal Advice Vienna | V\u00f6lkl &amp; Partner<\/title>\n<meta name=\"description\" content=\"Philipp Frenzl is a partner at V\u00f6lkl Attorneys at Law and an expert in sports law, construction and real estate, start-up consulting, and much more.\" \/>\n<meta name=\"robots\" content=\"index, follow, max-snippet:-1, max-image-preview:large, max-video-preview:-1\" \/>\n<link rel=\"canonical\" href=\"https:\/\/www.voelkl-partners.at\/en\/philipp-frenzl\/\" \/>\n<meta property=\"og:locale\" content=\"en_US\" \/>\n<meta property=\"og:type\" content=\"article\" \/>\n<meta property=\"og:title\" content=\"Philipp Frenzl | Legal Advice Vienna | V\u00f6lkl &amp; Partner\" \/>\n<meta property=\"og:description\" content=\"Philipp Frenzl is a partner at V\u00f6lkl Attorneys at Law and an expert in sports law, construction and real estate, start-up consulting, and much more.\" \/>\n<meta property=\"og:url\" content=\"https:\/\/www.voelkl-partners.at\/en\/philipp-frenzl\/\" \/>\n<meta property=\"og:site_name\" content=\"V\u00f6lkl Rechtsanw\u00e4lte\" \/>\n<meta property=\"article:modified_time\" content=\"2026-01-07T09:26:34+00:00\" \/>\n<meta property=\"og:image\" content=\"https:\/\/www.voelkl-partners.at\/wp-content\/uploads\/2024\/02\/Philipp-Frenzl-scaled.jpg\" \/>\n\t<meta property=\"og:image:width\" content=\"1707\" \/>\n\t<meta property=\"og:image:height\" content=\"2560\" \/>\n\t<meta property=\"og:image:type\" content=\"image\/jpeg\" \/>\n<meta name=\"twitter:card\" content=\"summary_large_image\" \/>\n<meta name=\"twitter:label1\" content=\"Est. reading time\" \/>\n\t<meta name=\"twitter:data1\" content=\"2 minutes\" \/>\n<script type=\"application\/ld+json\" class=\"yoast-schema-graph\">{\"@context\":\"https:\\\/\\\/schema.org\",\"@graph\":[{\"@type\":\"WebPage\",\"@id\":\"https:\\\/\\\/www.voelkl-partners.at\\\/en\\\/philipp-frenzl\\\/\",\"url\":\"https:\\\/\\\/www.voelkl-partners.at\\\/en\\\/philipp-frenzl\\\/\",\"name\":\"Philipp Frenzl | Legal Advice Vienna | V\u00f6lkl & Partner\",\"isPartOf\":{\"@id\":\"https:\\\/\\\/www.voelkl-partners.at\\\/en\\\/#website\"},\"primaryImageOfPage\":{\"@id\":\"https:\\\/\\\/www.voelkl-partners.at\\\/en\\\/philipp-frenzl\\\/#primaryimage\"},\"image\":{\"@id\":\"https:\\\/\\\/www.voelkl-partners.at\\\/en\\\/philipp-frenzl\\\/#primaryimage\"},\"thumbnailUrl\":\"https:\\\/\\\/www.voelkl-partners.at\\\/wp-content\\\/uploads\\\/2024\\\/02\\\/Philipp-Frenzl-scaled.jpg\",\"datePublished\":\"2022-08-16T14:42:51+00:00\",\"dateModified\":\"2026-01-07T09:26:34+00:00\",\"description\":\"Philipp Frenzl is a partner at V\u00f6lkl Attorneys at Law and an expert in sports law, construction and real estate, start-up consulting, and much more.\",\"breadcrumb\":{\"@id\":\"https:\\\/\\\/www.voelkl-partners.at\\\/en\\\/philipp-frenzl\\\/#breadcrumb\"},\"inLanguage\":\"en-US\",\"potentialAction\":[{\"@type\":\"ReadAction\",\"target\":[\"https:\\\/\\\/www.voelkl-partners.at\\\/en\\\/philipp-frenzl\\\/\"]}]},{\"@type\":\"ImageObject\",\"inLanguage\":\"en-US\",\"@id\":\"https:\\\/\\\/www.voelkl-partners.at\\\/en\\\/philipp-frenzl\\\/#primaryimage\",\"url\":\"https:\\\/\\\/www.voelkl-partners.at\\\/wp-content\\\/uploads\\\/2024\\\/02\\\/Philipp-Frenzl-scaled.jpg\",\"contentUrl\":\"https:\\\/\\\/www.voelkl-partners.at\\\/wp-content\\\/uploads\\\/2024\\\/02\\\/Philipp-Frenzl-scaled.jpg\"},{\"@type\":\"BreadcrumbList\",\"@id\":\"https:\\\/\\\/www.voelkl-partners.at\\\/en\\\/philipp-frenzl\\\/#breadcrumb\",\"itemListElement\":[{\"@type\":\"ListItem\",\"position\":1,\"name\":\"Home\",\"item\":\"https:\\\/\\\/www.voelkl-partners.at\\\/en\\\/\"},{\"@type\":\"ListItem\",\"position\":2,\"name\":\"Philipp Frenzl\"}]},{\"@type\":\"WebSite\",\"@id\":\"https:\\\/\\\/www.voelkl-partners.at\\\/en\\\/#website\",\"url\":\"https:\\\/\\\/www.voelkl-partners.at\\\/en\\\/\",\"name\":\"V\u00f6lkl Rechtsanw\u00e4lte\",\"description\":\"Wir unterst\u00fctzen Sie in allen wirtschaftsrechtlichen Belangen!\",\"publisher\":{\"@id\":\"https:\\\/\\\/www.voelkl-partners.at\\\/en\\\/#organization\"},\"potentialAction\":[{\"@type\":\"SearchAction\",\"target\":{\"@type\":\"EntryPoint\",\"urlTemplate\":\"https:\\\/\\\/www.voelkl-partners.at\\\/en\\\/?s={search_term_string}\"},\"query-input\":{\"@type\":\"PropertyValueSpecification\",\"valueRequired\":true,\"valueName\":\"search_term_string\"}}],\"inLanguage\":\"en-US\"},{\"@type\":\"Organization\",\"@id\":\"https:\\\/\\\/www.voelkl-partners.at\\\/en\\\/#organization\",\"name\":\"V\u00f6lkl Rechtsanw\u00e4lte\",\"url\":\"https:\\\/\\\/www.voelkl-partners.at\\\/en\\\/\",\"logo\":{\"@type\":\"ImageObject\",\"inLanguage\":\"en-US\",\"@id\":\"https:\\\/\\\/www.voelkl-partners.at\\\/en\\\/#\\\/schema\\\/logo\\\/image\\\/\",\"url\":\"https:\\\/\\\/www.voelkl-partners.at\\\/wp-content\\\/uploads\\\/2022\\\/08\\\/voelkl_logo_rgb_300dpi_neg.png\",\"contentUrl\":\"https:\\\/\\\/www.voelkl-partners.at\\\/wp-content\\\/uploads\\\/2022\\\/08\\\/voelkl_logo_rgb_300dpi_neg.png\",\"width\":3695,\"height\":1500,\"caption\":\"V\u00f6lkl Rechtsanw\u00e4lte\"},\"image\":{\"@id\":\"https:\\\/\\\/www.voelkl-partners.at\\\/en\\\/#\\\/schema\\\/logo\\\/image\\\/\"}}]}<\/script>\n<!-- \/ Yoast SEO plugin. -->","yoast_head_json":{"title":"Philipp Frenzl | Legal Advice Vienna | V\u00f6lkl & Partner","description":"Philipp Frenzl is a partner at V\u00f6lkl Attorneys at Law and an expert in sports law, construction and real estate, start-up consulting, and much more.","robots":{"index":"index","follow":"follow","max-snippet":"max-snippet:-1","max-image-preview":"max-image-preview:large","max-video-preview":"max-video-preview:-1"},"canonical":"https:\/\/www.voelkl-partners.at\/en\/philipp-frenzl\/","og_locale":"en_US","og_type":"article","og_title":"Philipp Frenzl | Legal Advice Vienna | V\u00f6lkl & Partner","og_description":"Philipp Frenzl is a partner at V\u00f6lkl Attorneys at Law and an expert in sports law, construction and real estate, start-up consulting, and much more.","og_url":"https:\/\/www.voelkl-partners.at\/en\/philipp-frenzl\/","og_site_name":"V\u00f6lkl Rechtsanw\u00e4lte","article_modified_time":"2026-01-07T09:26:34+00:00","og_image":[{"width":1707,"height":2560,"url":"https:\/\/www.voelkl-partners.at\/wp-content\/uploads\/2024\/02\/Philipp-Frenzl-scaled.jpg","type":"image\/jpeg"}],"twitter_card":"summary_large_image","twitter_misc":{"Est. reading time":"2 minutes"},"schema":{"@context":"https:\/\/schema.org","@graph":[{"@type":"WebPage","@id":"https:\/\/www.voelkl-partners.at\/en\/philipp-frenzl\/","url":"https:\/\/www.voelkl-partners.at\/en\/philipp-frenzl\/","name":"Philipp Frenzl | Legal Advice Vienna | V\u00f6lkl & Partner","isPartOf":{"@id":"https:\/\/www.voelkl-partners.at\/en\/#website"},"primaryImageOfPage":{"@id":"https:\/\/www.voelkl-partners.at\/en\/philipp-frenzl\/#primaryimage"},"image":{"@id":"https:\/\/www.voelkl-partners.at\/en\/philipp-frenzl\/#primaryimage"},"thumbnailUrl":"https:\/\/www.voelkl-partners.at\/wp-content\/uploads\/2024\/02\/Philipp-Frenzl-scaled.jpg","datePublished":"2022-08-16T14:42:51+00:00","dateModified":"2026-01-07T09:26:34+00:00","description":"Philipp Frenzl is a partner at V\u00f6lkl Attorneys at Law and an expert in sports law, construction and real estate, start-up consulting, and much more.","breadcrumb":{"@id":"https:\/\/www.voelkl-partners.at\/en\/philipp-frenzl\/#breadcrumb"},"inLanguage":"en-US","potentialAction":[{"@type":"ReadAction","target":["https:\/\/www.voelkl-partners.at\/en\/philipp-frenzl\/"]}]},{"@type":"ImageObject","inLanguage":"en-US","@id":"https:\/\/www.voelkl-partners.at\/en\/philipp-frenzl\/#primaryimage","url":"https:\/\/www.voelkl-partners.at\/wp-content\/uploads\/2024\/02\/Philipp-Frenzl-scaled.jpg","contentUrl":"https:\/\/www.voelkl-partners.at\/wp-content\/uploads\/2024\/02\/Philipp-Frenzl-scaled.jpg"},{"@type":"BreadcrumbList","@id":"https:\/\/www.voelkl-partners.at\/en\/philipp-frenzl\/#breadcrumb","itemListElement":[{"@type":"ListItem","position":1,"name":"Home","item":"https:\/\/www.voelkl-partners.at\/en\/"},{"@type":"ListItem","position":2,"name":"Philipp Frenzl"}]},{"@type":"WebSite","@id":"https:\/\/www.voelkl-partners.at\/en\/#website","url":"https:\/\/www.voelkl-partners.at\/en\/","name":"V\u00f6lkl Rechtsanw\u00e4lte","description":"Wir unterst\u00fctzen Sie in allen wirtschaftsrechtlichen Belangen!","publisher":{"@id":"https:\/\/www.voelkl-partners.at\/en\/#organization"},"potentialAction":[{"@type":"SearchAction","target":{"@type":"EntryPoint","urlTemplate":"https:\/\/www.voelkl-partners.at\/en\/?s={search_term_string}"},"query-input":{"@type":"PropertyValueSpecification","valueRequired":true,"valueName":"search_term_string"}}],"inLanguage":"en-US"},{"@type":"Organization","@id":"https:\/\/www.voelkl-partners.at\/en\/#organization","name":"V\u00f6lkl Rechtsanw\u00e4lte","url":"https:\/\/www.voelkl-partners.at\/en\/","logo":{"@type":"ImageObject","inLanguage":"en-US","@id":"https:\/\/www.voelkl-partners.at\/en\/#\/schema\/logo\/image\/","url":"https:\/\/www.voelkl-partners.at\/wp-content\/uploads\/2022\/08\/voelkl_logo_rgb_300dpi_neg.png","contentUrl":"https:\/\/www.voelkl-partners.at\/wp-content\/uploads\/2022\/08\/voelkl_logo_rgb_300dpi_neg.png","width":3695,"height":1500,"caption":"V\u00f6lkl Rechtsanw\u00e4lte"},"image":{"@id":"https:\/\/www.voelkl-partners.at\/en\/#\/schema\/logo\/image\/"}}]}},"_links":{"self":[{"href":"https:\/\/www.voelkl-partners.at\/en\/wp-json\/wp\/v2\/pages\/3997","targetHints":{"allow":["GET"]}}],"collection":[{"href":"https:\/\/www.voelkl-partners.at\/en\/wp-json\/wp\/v2\/pages"}],"about":[{"href":"https:\/\/www.voelkl-partners.at\/en\/wp-json\/wp\/v2\/types\/page"}],"author":[{"embeddable":true,"href":"https:\/\/www.voelkl-partners.at\/en\/wp-json\/wp\/v2\/users\/2"}],"replies":[{"embeddable":true,"href":"https:\/\/www.voelkl-partners.at\/en\/wp-json\/wp\/v2\/comments?post=3997"}],"version-history":[{"count":17,"href":"https:\/\/www.voelkl-partners.at\/en\/wp-json\/wp\/v2\/pages\/3997\/revisions"}],"predecessor-version":[{"id":5277,"href":"https:\/\/www.voelkl-partners.at\/en\/wp-json\/wp\/v2\/pages\/3997\/revisions\/5277"}],"wp:attachment":[{"href":"https:\/\/www.voelkl-partners.at\/en\/wp-json\/wp\/v2\/media?parent=3997"}],"curies":[{"name":"wp","href":"https:\/\/api.w.org\/{rel}","templated":true}]}}