{"id":3998,"date":"2022-08-16T14:38:02","date_gmt":"2022-08-16T13:38:02","guid":{"rendered":"https:\/\/www.voelkl-partners.at\/litigation\/"},"modified":"2026-01-07T10:26:28","modified_gmt":"2026-01-07T09:26:28","slug":"litigation","status":"publish","type":"page","link":"https:\/\/www.voelkl-partners.at\/en\/litigation\/","title":{"rendered":"Litigation"},"content":{"rendered":"\t\t<div data-elementor-type=\"wp-page\" data-elementor-id=\"3998\" class=\"elementor elementor-3998 elementor-350\" data-elementor-post-type=\"page\">\n\t\t\t\t\t\t<section class=\"elementor-section elementor-top-section elementor-element elementor-element-ae9ced2 elementor-section-boxed elementor-section-height-default elementor-section-height-default\" data-id=\"ae9ced2\" data-element_type=\"section\" data-e-type=\"section\">\n\t\t\t\t\t\t<div class=\"elementor-container elementor-column-gap-default\">\n\t\t\t\t\t<div class=\"elementor-column elementor-col-100 elementor-top-column elementor-element elementor-element-27af3a8\" data-id=\"27af3a8\" data-element_type=\"column\" data-e-type=\"column\">\n\t\t\t<div class=\"elementor-widget-wrap elementor-element-populated\">\n\t\t\t\t\t\t<div class=\"elementor-element elementor-element-78178d0 elementor-widget elementor-widget-heading\" data-id=\"78178d0\" data-element_type=\"widget\" data-e-type=\"widget\" data-widget_type=\"heading.default\">\n\t\t\t\t<div class=\"elementor-widget-container\">\n\t\t\t\t\t<h1 class=\"elementor-heading-title elementor-size-default\">Litigation and arbitration<\/h1>\t\t\t\t<\/div>\n\t\t\t\t<\/div>\n\t\t\t\t<div class=\"elementor-element elementor-element-147303b elementor-widget elementor-widget-text-editor\" data-id=\"147303b\" data-element_type=\"widget\" data-e-type=\"widget\" data-widget_type=\"text-editor.default\">\n\t\t\t\t<div class=\"elementor-widget-container\">\n\t\t\t\t\t\t\t\t\t<p>We represent both plaintiffs and defendants in all types of civil litigation. We were one of the first law firms in Austria to represent clients in class action proceedings. We also conduct arbitration proceedings for our clients, with our partners also regularly acting as arbitrators.<\/p><p>The firm is ranked among the top law firms for litigation in Austria by the international law firm ranking Benchmark Litigation, and in investor litigation the firm has been ranked as one of the best law firms in the TREND lawyer ranking for over 10 years.<\/p>\t\t\t\t\t\t\t\t<\/div>\n\t\t\t\t<\/div>\n\t\t\t\t\t<\/div>\n\t\t<\/div>\n\t\t\t\t\t<\/div>\n\t\t<\/section>\n\t\t\t\t<section class=\"elementor-section elementor-top-section elementor-element elementor-element-baa4f98 elementor-section-boxed elementor-section-height-default elementor-section-height-default\" data-id=\"baa4f98\" data-element_type=\"section\" data-e-type=\"section\">\n\t\t\t\t\t\t<div class=\"elementor-container elementor-column-gap-default\">\n\t\t\t\t\t<div class=\"elementor-column elementor-col-100 elementor-top-column elementor-element elementor-element-2717fb2\" data-id=\"2717fb2\" data-element_type=\"column\" data-e-type=\"column\">\n\t\t\t<div class=\"elementor-widget-wrap elementor-element-populated\">\n\t\t\t\t\t\t<div class=\"elementor-element elementor-element-b217485 elementor-invisible elementor-widget elementor-widget-eael-adv-accordion\" data-id=\"b217485\" data-element_type=\"widget\" data-e-type=\"widget\" data-settings=\"{&quot;_animation&quot;:&quot;slideInLeft&quot;}\" data-widget_type=\"eael-adv-accordion.default\">\n\t\t\t\t<div class=\"elementor-widget-container\">\n\t\t\t\t\t            <div class=\"eael-adv-accordion\" id=\"eael-adv-accordion-b217485\" data-scroll-on-click=\"no\" data-scroll-speed=\"300\" data-accordion-id=\"b217485\" data-accordion-type=\"accordion\" data-toogle-speed=\"300\">\n            <\/div>\t\t\t\t<\/div>\n\t\t\t\t<\/div>\n\t\t\t\t<div class=\"elementor-element elementor-element-d0fc828 elementor-invisible elementor-widget elementor-widget-eael-adv-accordion\" data-id=\"d0fc828\" data-element_type=\"widget\" data-e-type=\"widget\" data-settings=\"{&quot;_animation&quot;:&quot;slideInRight&quot;}\" data-widget_type=\"eael-adv-accordion.default\">\n\t\t\t\t<div class=\"elementor-widget-container\">\n\t\t\t\t\t            <div class=\"eael-adv-accordion\" id=\"eael-adv-accordion-d0fc828\" data-scroll-on-click=\"no\" data-scroll-speed=\"300\" data-accordion-id=\"d0fc828\" data-accordion-type=\"accordion\" data-toogle-speed=\"300\">\n            <\/div>\t\t\t\t<\/div>\n\t\t\t\t<\/div>\n\t\t\t\t<div class=\"elementor-element elementor-element-9251f1e elementor-invisible elementor-widget elementor-widget-eael-adv-accordion\" data-id=\"9251f1e\" data-element_type=\"widget\" data-e-type=\"widget\" data-settings=\"{&quot;_animation&quot;:&quot;slideInLeft&quot;}\" data-widget_type=\"eael-adv-accordion.default\">\n\t\t\t\t<div class=\"elementor-widget-container\">\n\t\t\t\t\t            <div class=\"eael-adv-accordion\" id=\"eael-adv-accordion-9251f1e\" data-scroll-on-click=\"no\" data-scroll-speed=\"300\" data-accordion-id=\"9251f1e\" data-accordion-type=\"accordion\" data-toogle-speed=\"300\">\n            <\/div>\t\t\t\t<\/div>\n\t\t\t\t<\/div>\n\t\t\t\t<div class=\"elementor-element elementor-element-d5931b2 elementor-hidden-mobile elementor-invisible elementor-widget elementor-widget-eael-adv-accordion\" data-id=\"d5931b2\" data-element_type=\"widget\" data-e-type=\"widget\" data-settings=\"{&quot;_animation&quot;:&quot;slideInRight&quot;}\" data-widget_type=\"eael-adv-accordion.default\">\n\t\t\t\t<div class=\"elementor-widget-container\">\n\t\t\t\t\t            <div class=\"eael-adv-accordion\" id=\"eael-adv-accordion-d5931b2\" data-scroll-on-click=\"no\" data-scroll-speed=\"300\" data-accordion-id=\"d5931b2\" data-accordion-type=\"accordion\" data-toogle-speed=\"300\">\n            <\/div>\t\t\t\t<\/div>\n\t\t\t\t<\/div>\n\t\t\t\t<div class=\"elementor-element elementor-element-6a1d7e5 elementor-hidden-desktop elementor-hidden-tablet elementor-invisible elementor-widget elementor-widget-eael-adv-accordion\" data-id=\"6a1d7e5\" data-element_type=\"widget\" data-e-type=\"widget\" data-settings=\"{&quot;_animation&quot;:&quot;slideInRight&quot;}\" data-widget_type=\"eael-adv-accordion.default\">\n\t\t\t\t<div class=\"elementor-widget-container\">\n\t\t\t\t\t            <div class=\"eael-adv-accordion\" id=\"eael-adv-accordion-6a1d7e5\" data-scroll-on-click=\"no\" data-scroll-speed=\"300\" data-accordion-id=\"6a1d7e5\" data-accordion-type=\"accordion\" data-toogle-speed=\"300\">\n            <\/div>\t\t\t\t<\/div>\n\t\t\t\t<\/div>\n\t\t\t\t\t<\/div>\n\t\t<\/div>\n\t\t\t\t\t<\/div>\n\t\t<\/section>\n\t\t\t\t<section class=\"elementor-section elementor-top-section elementor-element elementor-element-8d014e7 elementor-section-boxed elementor-section-height-default elementor-section-height-default\" data-id=\"8d014e7\" data-element_type=\"section\" data-e-type=\"section\">\n\t\t\t\t\t\t<div class=\"elementor-container elementor-column-gap-default\">\n\t\t\t\t\t<div class=\"elementor-column elementor-col-100 elementor-top-column elementor-element elementor-element-f36dfb0\" data-id=\"f36dfb0\" data-element_type=\"column\" data-e-type=\"column\">\n\t\t\t<div class=\"elementor-widget-wrap elementor-element-populated\">\n\t\t\t\t\t\t<div class=\"elementor-element elementor-element-6daf0d1 elementor-widget elementor-widget-heading\" data-id=\"6daf0d1\" data-element_type=\"widget\" data-e-type=\"widget\" data-widget_type=\"heading.default\">\n\t\t\t\t<div class=\"elementor-widget-container\">\n\t\t\t\t\t<h2 class=\"elementor-heading-title elementor-size-default\">Projects &amp; Experiences<\/h2>\t\t\t\t<\/div>\n\t\t\t\t<\/div>\n\t\t\t\t<div class=\"elementor-element elementor-element-e737241 elementor-widget elementor-widget-text-editor\" data-id=\"e737241\" data-element_type=\"widget\" data-e-type=\"widget\" data-widget_type=\"text-editor.default\">\n\t\t\t\t<div class=\"elementor-widget-container\">\n\t\t\t\t\t\t\t\t\t<p>In recent years we have, among other things<\/p>\t\t\t\t\t\t\t\t<\/div>\n\t\t\t\t<\/div>\n\t\t\t\t<div class=\"elementor-element elementor-element-fcd2076 elementor-align-start elementor-icon-list--layout-traditional elementor-list-item-link-full_width elementor-widget elementor-widget-icon-list\" data-id=\"fcd2076\" data-element_type=\"widget\" data-e-type=\"widget\" data-widget_type=\"icon-list.default\">\n\t\t\t\t<div class=\"elementor-widget-container\">\n\t\t\t\t\t\t\t<ul class=\"elementor-icon-list-items\">\n\t\t\t\t\t\t\t<li class=\"elementor-icon-list-item\">\n\t\t\t\t\t\t\t\t\t\t\t<span class=\"elementor-icon-list-icon\">\n\t\t\t\t\t\t\t<i aria-hidden=\"true\" class=\"fas fa-caret-right\"><\/i>\t\t\t\t\t\t<\/span>\n\t\t\t\t\t\t\t\t\t\t<span class=\"elementor-icon-list-text\">Conducted numerous lawsuits in the area of auditor liability<\/span>\n\t\t\t\t\t\t\t\t\t<\/li>\n\t\t\t\t\t\t\t\t<li class=\"elementor-icon-list-item\">\n\t\t\t\t\t\t\t\t\t\t\t<span class=\"elementor-icon-list-icon\">\n\t\t\t\t\t\t\t<i aria-hidden=\"true\" class=\"fas fa-caret-right\"><\/i>\t\t\t\t\t\t<\/span>\n\t\t\t\t\t\t\t\t\t\t<span class=\"elementor-icon-list-text\">Represent a bank against former directors and officers<\/span>\n\t\t\t\t\t\t\t\t\t<\/li>\n\t\t\t\t\t\t\t\t<li class=\"elementor-icon-list-item\">\n\t\t\t\t\t\t\t\t\t\t\t<span class=\"elementor-icon-list-icon\">\n\t\t\t\t\t\t\t<i aria-hidden=\"true\" class=\"fas fa-caret-right\"><\/i>\t\t\t\t\t\t<\/span>\n\t\t\t\t\t\t\t\t\t\t<span class=\"elementor-icon-list-text\">Conducted several lawsuits on issues of manager liability<\/span>\n\t\t\t\t\t\t\t\t\t<\/li>\n\t\t\t\t\t\t\t\t<li class=\"elementor-icon-list-item\">\n\t\t\t\t\t\t\t\t\t\t\t<span class=\"elementor-icon-list-icon\">\n\t\t\t\t\t\t\t<i aria-hidden=\"true\" class=\"fas fa-caret-right\"><\/i>\t\t\t\t\t\t<\/span>\n\t\t\t\t\t\t\t\t\t\t<span class=\"elementor-icon-list-text\">Coverage processes in the pecuniary loss liability insurance conducted<\/span>\n\t\t\t\t\t\t\t\t\t<\/li>\n\t\t\t\t\t\t\t\t<li class=\"elementor-icon-list-item\">\n\t\t\t\t\t\t\t\t\t\t\t<span class=\"elementor-icon-list-icon\">\n\t\t\t\t\t\t\t<i aria-hidden=\"true\" class=\"fas fa-caret-right\"><\/i>\t\t\t\t\t\t<\/span>\n\t\t\t\t\t\t\t\t\t\t<span class=\"elementor-icon-list-text\">Banks represented in investor litigation<\/span>\n\t\t\t\t\t\t\t\t\t<\/li>\n\t\t\t\t\t\t<\/ul>\n\t\t\t\t\t\t<\/div>\n\t\t\t\t<\/div>\n\t\t\t\t\t<\/div>\n\t\t<\/div>\n\t\t\t\t\t<\/div>\n\t\t<\/section>\n\t\t\t\t<\/div>\n\t\t","protected":false},"excerpt":{"rendered":"<p>Litigation and arbitration We represent both plaintiffs and defendants in all types of civil litigation. We were one of the first law firms in Austria to represent clients in class action proceedings. We also conduct arbitration proceedings for our clients, with our partners also regularly acting as arbitrators. The firm is ranked among the top&hellip;&nbsp;<\/p>\n","protected":false},"author":2,"featured_media":0,"parent":0,"menu_order":0,"comment_status":"closed","ping_status":"closed","template":"page-templates\/template-pagebuilder-full-width.php","meta":{"neve_meta_sidebar":"","neve_meta_container":"","neve_meta_enable_content_width":"","neve_meta_content_width":0,"neve_meta_title_alignment":"","neve_meta_author_avatar":"","neve_post_elements_order":"","neve_meta_disable_header":"","neve_meta_disable_footer":"","neve_meta_disable_title":"","neve_meta_reading_time":"","footnotes":""},"class_list":["post-3998","page","type-page","status-publish","hentry"],"yoast_head":"<!-- This site is optimized with the Yoast SEO plugin v27.3 - https:\/\/yoast.com\/product\/yoast-seo-wordpress\/ -->\n<title>Lawyer for Litigation | V\u00f6lkl &amp; Partner<\/title>\n<meta name=\"description\" content=\"Legal advice on litigation | We represent both plaintiffs and defendants in all types of civil proceedings.\" \/>\n<meta name=\"robots\" content=\"index, follow, max-snippet:-1, max-image-preview:large, max-video-preview:-1\" \/>\n<link rel=\"canonical\" href=\"https:\/\/www.voelkl-partners.at\/en\/litigation\/\" \/>\n<meta property=\"og:locale\" content=\"en_US\" \/>\n<meta property=\"og:type\" content=\"article\" \/>\n<meta property=\"og:title\" content=\"Lawyer for Litigation | V\u00f6lkl &amp; Partner\" \/>\n<meta property=\"og:description\" content=\"Legal advice on litigation | We represent both plaintiffs and defendants in all types of civil proceedings.\" \/>\n<meta property=\"og:url\" content=\"https:\/\/www.voelkl-partners.at\/en\/litigation\/\" \/>\n<meta property=\"og:site_name\" content=\"V\u00f6lkl Rechtsanw\u00e4lte\" \/>\n<meta property=\"article:modified_time\" content=\"2026-01-07T09:26:28+00:00\" \/>\n<meta name=\"twitter:card\" content=\"summary_large_image\" \/>\n<meta name=\"twitter:label1\" content=\"Est. reading time\" \/>\n\t<meta name=\"twitter:data1\" content=\"1 minute\" \/>\n<script type=\"application\/ld+json\" class=\"yoast-schema-graph\">{\"@context\":\"https:\\\/\\\/schema.org\",\"@graph\":[{\"@type\":\"WebPage\",\"@id\":\"https:\\\/\\\/www.voelkl-partners.at\\\/en\\\/litigation\\\/\",\"url\":\"https:\\\/\\\/www.voelkl-partners.at\\\/en\\\/litigation\\\/\",\"name\":\"Lawyer for Litigation | V\u00f6lkl & Partner\",\"isPartOf\":{\"@id\":\"https:\\\/\\\/www.voelkl-partners.at\\\/en\\\/#website\"},\"datePublished\":\"2022-08-16T13:38:02+00:00\",\"dateModified\":\"2026-01-07T09:26:28+00:00\",\"description\":\"Legal advice on litigation | We represent both plaintiffs and defendants in all types of civil proceedings.\",\"breadcrumb\":{\"@id\":\"https:\\\/\\\/www.voelkl-partners.at\\\/en\\\/litigation\\\/#breadcrumb\"},\"inLanguage\":\"en-US\",\"potentialAction\":[{\"@type\":\"ReadAction\",\"target\":[\"https:\\\/\\\/www.voelkl-partners.at\\\/en\\\/litigation\\\/\"]}]},{\"@type\":\"BreadcrumbList\",\"@id\":\"https:\\\/\\\/www.voelkl-partners.at\\\/en\\\/litigation\\\/#breadcrumb\",\"itemListElement\":[{\"@type\":\"ListItem\",\"position\":1,\"name\":\"Home\",\"item\":\"https:\\\/\\\/www.voelkl-partners.at\\\/en\\\/\"},{\"@type\":\"ListItem\",\"position\":2,\"name\":\"Litigation\"}]},{\"@type\":\"WebSite\",\"@id\":\"https:\\\/\\\/www.voelkl-partners.at\\\/en\\\/#website\",\"url\":\"https:\\\/\\\/www.voelkl-partners.at\\\/en\\\/\",\"name\":\"V\u00f6lkl Rechtsanw\u00e4lte\",\"description\":\"Wir unterst\u00fctzen Sie in allen wirtschaftsrechtlichen Belangen!\",\"publisher\":{\"@id\":\"https:\\\/\\\/www.voelkl-partners.at\\\/en\\\/#organization\"},\"potentialAction\":[{\"@type\":\"SearchAction\",\"target\":{\"@type\":\"EntryPoint\",\"urlTemplate\":\"https:\\\/\\\/www.voelkl-partners.at\\\/en\\\/?s={search_term_string}\"},\"query-input\":{\"@type\":\"PropertyValueSpecification\",\"valueRequired\":true,\"valueName\":\"search_term_string\"}}],\"inLanguage\":\"en-US\"},{\"@type\":\"Organization\",\"@id\":\"https:\\\/\\\/www.voelkl-partners.at\\\/en\\\/#organization\",\"name\":\"V\u00f6lkl Rechtsanw\u00e4lte\",\"url\":\"https:\\\/\\\/www.voelkl-partners.at\\\/en\\\/\",\"logo\":{\"@type\":\"ImageObject\",\"inLanguage\":\"en-US\",\"@id\":\"https:\\\/\\\/www.voelkl-partners.at\\\/en\\\/#\\\/schema\\\/logo\\\/image\\\/\",\"url\":\"https:\\\/\\\/www.voelkl-partners.at\\\/wp-content\\\/uploads\\\/2022\\\/08\\\/voelkl_logo_rgb_300dpi_neg.png\",\"contentUrl\":\"https:\\\/\\\/www.voelkl-partners.at\\\/wp-content\\\/uploads\\\/2022\\\/08\\\/voelkl_logo_rgb_300dpi_neg.png\",\"width\":3695,\"height\":1500,\"caption\":\"V\u00f6lkl Rechtsanw\u00e4lte\"},\"image\":{\"@id\":\"https:\\\/\\\/www.voelkl-partners.at\\\/en\\\/#\\\/schema\\\/logo\\\/image\\\/\"}}]}<\/script>\n<!-- \/ Yoast SEO plugin. -->","yoast_head_json":{"title":"Lawyer for Litigation | V\u00f6lkl & Partner","description":"Legal advice on litigation | We represent both plaintiffs and defendants in all types of civil proceedings.","robots":{"index":"index","follow":"follow","max-snippet":"max-snippet:-1","max-image-preview":"max-image-preview:large","max-video-preview":"max-video-preview:-1"},"canonical":"https:\/\/www.voelkl-partners.at\/en\/litigation\/","og_locale":"en_US","og_type":"article","og_title":"Lawyer for Litigation | V\u00f6lkl & Partner","og_description":"Legal advice on litigation | We represent both plaintiffs and defendants in all types of civil proceedings.","og_url":"https:\/\/www.voelkl-partners.at\/en\/litigation\/","og_site_name":"V\u00f6lkl Rechtsanw\u00e4lte","article_modified_time":"2026-01-07T09:26:28+00:00","twitter_card":"summary_large_image","twitter_misc":{"Est. reading time":"1 minute"},"schema":{"@context":"https:\/\/schema.org","@graph":[{"@type":"WebPage","@id":"https:\/\/www.voelkl-partners.at\/en\/litigation\/","url":"https:\/\/www.voelkl-partners.at\/en\/litigation\/","name":"Lawyer for Litigation | V\u00f6lkl & Partner","isPartOf":{"@id":"https:\/\/www.voelkl-partners.at\/en\/#website"},"datePublished":"2022-08-16T13:38:02+00:00","dateModified":"2026-01-07T09:26:28+00:00","description":"Legal advice on litigation | We represent both plaintiffs and defendants in all types of civil proceedings.","breadcrumb":{"@id":"https:\/\/www.voelkl-partners.at\/en\/litigation\/#breadcrumb"},"inLanguage":"en-US","potentialAction":[{"@type":"ReadAction","target":["https:\/\/www.voelkl-partners.at\/en\/litigation\/"]}]},{"@type":"BreadcrumbList","@id":"https:\/\/www.voelkl-partners.at\/en\/litigation\/#breadcrumb","itemListElement":[{"@type":"ListItem","position":1,"name":"Home","item":"https:\/\/www.voelkl-partners.at\/en\/"},{"@type":"ListItem","position":2,"name":"Litigation"}]},{"@type":"WebSite","@id":"https:\/\/www.voelkl-partners.at\/en\/#website","url":"https:\/\/www.voelkl-partners.at\/en\/","name":"V\u00f6lkl Rechtsanw\u00e4lte","description":"Wir unterst\u00fctzen Sie in allen wirtschaftsrechtlichen Belangen!","publisher":{"@id":"https:\/\/www.voelkl-partners.at\/en\/#organization"},"potentialAction":[{"@type":"SearchAction","target":{"@type":"EntryPoint","urlTemplate":"https:\/\/www.voelkl-partners.at\/en\/?s={search_term_string}"},"query-input":{"@type":"PropertyValueSpecification","valueRequired":true,"valueName":"search_term_string"}}],"inLanguage":"en-US"},{"@type":"Organization","@id":"https:\/\/www.voelkl-partners.at\/en\/#organization","name":"V\u00f6lkl Rechtsanw\u00e4lte","url":"https:\/\/www.voelkl-partners.at\/en\/","logo":{"@type":"ImageObject","inLanguage":"en-US","@id":"https:\/\/www.voelkl-partners.at\/en\/#\/schema\/logo\/image\/","url":"https:\/\/www.voelkl-partners.at\/wp-content\/uploads\/2022\/08\/voelkl_logo_rgb_300dpi_neg.png","contentUrl":"https:\/\/www.voelkl-partners.at\/wp-content\/uploads\/2022\/08\/voelkl_logo_rgb_300dpi_neg.png","width":3695,"height":1500,"caption":"V\u00f6lkl Rechtsanw\u00e4lte"},"image":{"@id":"https:\/\/www.voelkl-partners.at\/en\/#\/schema\/logo\/image\/"}}]}},"_links":{"self":[{"href":"https:\/\/www.voelkl-partners.at\/en\/wp-json\/wp\/v2\/pages\/3998","targetHints":{"allow":["GET"]}}],"collection":[{"href":"https:\/\/www.voelkl-partners.at\/en\/wp-json\/wp\/v2\/pages"}],"about":[{"href":"https:\/\/www.voelkl-partners.at\/en\/wp-json\/wp\/v2\/types\/page"}],"author":[{"embeddable":true,"href":"https:\/\/www.voelkl-partners.at\/en\/wp-json\/wp\/v2\/users\/2"}],"replies":[{"embeddable":true,"href":"https:\/\/www.voelkl-partners.at\/en\/wp-json\/wp\/v2\/comments?post=3998"}],"version-history":[{"count":2,"href":"https:\/\/www.voelkl-partners.at\/en\/wp-json\/wp\/v2\/pages\/3998\/revisions"}],"predecessor-version":[{"id":5272,"href":"https:\/\/www.voelkl-partners.at\/en\/wp-json\/wp\/v2\/pages\/3998\/revisions\/5272"}],"wp:attachment":[{"href":"https:\/\/www.voelkl-partners.at\/en\/wp-json\/wp\/v2\/media?parent=3998"}],"curies":[{"name":"wp","href":"https:\/\/api.w.org\/{rel}","templated":true}]}}