{"id":4011,"date":"2022-08-03T14:28:00","date_gmt":"2022-08-03T13:28:00","guid":{"rendered":"https:\/\/www.voelkl-partners.at\/imprint\/"},"modified":"2024-04-24T07:52:30","modified_gmt":"2024-04-24T06:52:30","slug":"imprint","status":"publish","type":"page","link":"https:\/\/www.voelkl-partners.at\/en\/imprint\/","title":{"rendered":"Imprint"},"content":{"rendered":"\t\t<div data-elementor-type=\"wp-page\" data-elementor-id=\"4011\" class=\"elementor elementor-4011 elementor-49\" data-elementor-post-type=\"page\">\n\t\t\t\t\t\t<section class=\"elementor-section elementor-top-section elementor-element elementor-element-3265f355 elementor-section-boxed elementor-section-height-default elementor-section-height-default\" data-id=\"3265f355\" data-element_type=\"section\" data-e-type=\"section\">\n\t\t\t\t\t\t<div class=\"elementor-container elementor-column-gap-default\">\n\t\t\t\t\t<div class=\"elementor-column elementor-col-100 elementor-top-column elementor-element elementor-element-689c65c2\" data-id=\"689c65c2\" data-element_type=\"column\" data-e-type=\"column\">\n\t\t\t<div class=\"elementor-widget-wrap elementor-element-populated\">\n\t\t\t\t\t\t<div class=\"elementor-element elementor-element-2ca71da0 elementor-widget elementor-widget-heading\" data-id=\"2ca71da0\" data-element_type=\"widget\" data-e-type=\"widget\" data-widget_type=\"heading.default\">\n\t\t\t\t<div class=\"elementor-widget-container\">\n\t\t\t\t\t<h1 class=\"elementor-heading-title elementor-size-default\">Imprint<\/h1>\t\t\t\t<\/div>\n\t\t\t\t<\/div>\n\t\t\t\t\t<\/div>\n\t\t<\/div>\n\t\t\t\t\t<\/div>\n\t\t<\/section>\n\t\t\t\t<section class=\"elementor-section elementor-top-section elementor-element elementor-element-7ce0e86e elementor-section-boxed elementor-section-height-default elementor-section-height-default\" data-id=\"7ce0e86e\" data-element_type=\"section\" data-e-type=\"section\">\n\t\t\t\t\t\t<div class=\"elementor-container elementor-column-gap-default\">\n\t\t\t\t\t<div class=\"elementor-column elementor-col-100 elementor-top-column elementor-element elementor-element-3d771d78\" data-id=\"3d771d78\" data-element_type=\"column\" data-e-type=\"column\">\n\t\t\t<div class=\"elementor-widget-wrap elementor-element-populated\">\n\t\t\t\t\t\t<div class=\"elementor-element elementor-element-644efa31 elementor-widget elementor-widget-text-editor\" data-id=\"644efa31\" data-element_type=\"widget\" data-e-type=\"widget\" data-widget_type=\"text-editor.default\">\n\t\t\t\t<div class=\"elementor-widget-container\">\n\t\t\t\t\t\t\t\t\t<p>Disclosure obligation pursuant to \u00a7 Section 25 MedienG and information obligations pursuant to \u00a7 5 E-Commerce Act (ECG) and \u00a7 14 UGB:<\/p>\n<p><strong>V\u00f6lkl Attorneys at Law Ltd.<\/strong><br \/>Neutorgasse 12\/9<br \/>1010, Austria<\/p>\n<p><a href=\"tel:004319346068\">T +43 1 934 60 68<\/a><br \/>E <a href=\"mailto:office@voelkl.partners\">office@voelkl.partners<\/a><\/p>\n<p>UID ATU75601029<br \/>FN 530392 p<br \/>Vienna Commercial Court<\/p>\n<p>Competent chamber: Vienna Bar Association: <a href=\"http:\/\/www.rakwien.at\/\" target=\"_blank\" rel=\"noopener\">www.rakwien.at<\/a><\/p>\n<p>The Rules of Professional Conduct can be found <a href=\"https:\/\/www.rakwien.at\/?seite=anwaelte&amp;bereich=standesrecht\" target=\"_blank\" rel=\"noopener\">here <\/a>and in the &#8220;Laws&#8221; section at: <a href=\"http:\/\/www.rechtsanwaelte.at\/\" target=\"_blank\" rel=\"noopener\">www.rechtsanwaelte.at.<\/a><\/p>\n<p>Object of the company: The object of the company is the practice of law and all transactions and measures that are necessary or useful to achieve the object of the company.<\/p>\n<p>Basic direction of the medium: This website and any newsletters of V\u00f6lkl Rechtsanw\u00e4lte GmbH serve the purpose of presenting the law firm of V\u00f6lkl Rechtsanw\u00e4lte GmbH as well as communication (communication media). The website is aimed at all persons interested in legal topics, especially clients.<\/p>\n<p>Managing directors: RA Dr. Clemens V\u00f6lkl, RA Philipp Frenzl<\/p>\n<p>All managing directors are professionals and members of the Vienna Bar Association.<\/p>\n<p>Disclaimer<\/p>\n<p>The content of the website has been carefully prepared and is for general information purposes only. The website and its contents do not constitute legal advice and do not replace individual legal advice. V\u00f6lkl Rechtsanw\u00e4lte GmbH accepts no liability for links to external websites operated by third parties.<\/p>\n\t\t\t\t\t\t\t\t<\/div>\n\t\t\t\t<\/div>\n\t\t\t\t\t<\/div>\n\t\t<\/div>\n\t\t\t\t\t<\/div>\n\t\t<\/section>\n\t\t\t\t<\/div>\n\t\t","protected":false},"excerpt":{"rendered":"<p>Disclosure obligation pursuant to \u00a7 Section 25 MedienG and information obligations pursuant to \u00a7 5 E-Commerce Act (ECG) and \u00a7 14 UGB: V\u00f6lkl Attorneys at Law Ltd.Neutorgasse 12\/91010, Austria T +43 1 934 60 68E office@voelkl.partners UID ATU75601029FN 530392 pVienna Commercial Court Competent chamber: Vienna Bar Association: www.rakwien.at The Rules of Professional Conduct can be&hellip;&nbsp;<\/p>\n","protected":false},"author":2,"featured_media":0,"parent":0,"menu_order":0,"comment_status":"closed","ping_status":"closed","template":"page-templates\/template-pagebuilder-full-width.php","meta":{"neve_meta_sidebar":"","neve_meta_container":"","neve_meta_enable_content_width":"","neve_meta_content_width":0,"neve_meta_title_alignment":"","neve_meta_author_avatar":"","neve_post_elements_order":"","neve_meta_disable_header":"","neve_meta_disable_footer":"","neve_meta_disable_title":"","neve_meta_reading_time":"","footnotes":""},"class_list":["post-4011","page","type-page","status-publish","hentry"],"yoast_head":"<!-- This site is optimized with the Yoast SEO plugin v27.3 - https:\/\/yoast.com\/product\/yoast-seo-wordpress\/ -->\n<title>Imprint - V\u00f6lkl Rechtsanw\u00e4lte<\/title>\n<meta name=\"robots\" content=\"index, follow, max-snippet:-1, max-image-preview:large, max-video-preview:-1\" \/>\n<link rel=\"canonical\" href=\"https:\/\/www.voelkl-partners.at\/en\/imprint\/\" \/>\n<meta property=\"og:locale\" content=\"en_US\" \/>\n<meta property=\"og:type\" content=\"article\" \/>\n<meta property=\"og:title\" content=\"Imprint - V\u00f6lkl Rechtsanw\u00e4lte\" \/>\n<meta property=\"og:description\" content=\"Disclosure obligation pursuant to \u00a7 Section 25 MedienG and information obligations pursuant to \u00a7 5 E-Commerce Act (ECG) and \u00a7 14 UGB: V\u00f6lkl Attorneys at Law Ltd.Neutorgasse 12\/91010, Austria T +43 1 934 60 68E office@voelkl.partners UID ATU75601029FN 530392 pVienna Commercial Court Competent chamber: Vienna Bar Association: www.rakwien.at The Rules of Professional Conduct can be&hellip;&nbsp;\" \/>\n<meta property=\"og:url\" content=\"https:\/\/www.voelkl-partners.at\/en\/imprint\/\" \/>\n<meta property=\"og:site_name\" content=\"V\u00f6lkl Rechtsanw\u00e4lte\" \/>\n<meta property=\"article:modified_time\" content=\"2024-04-24T06:52:30+00:00\" \/>\n<meta name=\"twitter:card\" content=\"summary_large_image\" \/>\n<meta name=\"twitter:label1\" content=\"Est. reading time\" \/>\n\t<meta name=\"twitter:data1\" content=\"1 minute\" \/>\n<script type=\"application\/ld+json\" class=\"yoast-schema-graph\">{\"@context\":\"https:\\\/\\\/schema.org\",\"@graph\":[{\"@type\":\"WebPage\",\"@id\":\"https:\\\/\\\/www.voelkl-partners.at\\\/en\\\/imprint\\\/\",\"url\":\"https:\\\/\\\/www.voelkl-partners.at\\\/en\\\/imprint\\\/\",\"name\":\"Imprint - V\u00f6lkl Rechtsanw\u00e4lte\",\"isPartOf\":{\"@id\":\"https:\\\/\\\/www.voelkl-partners.at\\\/en\\\/#website\"},\"datePublished\":\"2022-08-03T13:28:00+00:00\",\"dateModified\":\"2024-04-24T06:52:30+00:00\",\"breadcrumb\":{\"@id\":\"https:\\\/\\\/www.voelkl-partners.at\\\/en\\\/imprint\\\/#breadcrumb\"},\"inLanguage\":\"en-US\",\"potentialAction\":[{\"@type\":\"ReadAction\",\"target\":[\"https:\\\/\\\/www.voelkl-partners.at\\\/en\\\/imprint\\\/\"]}]},{\"@type\":\"BreadcrumbList\",\"@id\":\"https:\\\/\\\/www.voelkl-partners.at\\\/en\\\/imprint\\\/#breadcrumb\",\"itemListElement\":[{\"@type\":\"ListItem\",\"position\":1,\"name\":\"Home\",\"item\":\"https:\\\/\\\/www.voelkl-partners.at\\\/en\\\/\"},{\"@type\":\"ListItem\",\"position\":2,\"name\":\"Imprint\"}]},{\"@type\":\"WebSite\",\"@id\":\"https:\\\/\\\/www.voelkl-partners.at\\\/en\\\/#website\",\"url\":\"https:\\\/\\\/www.voelkl-partners.at\\\/en\\\/\",\"name\":\"V\u00f6lkl Rechtsanw\u00e4lte\",\"description\":\"Wir unterst\u00fctzen Sie in allen wirtschaftsrechtlichen Belangen!\",\"publisher\":{\"@id\":\"https:\\\/\\\/www.voelkl-partners.at\\\/en\\\/#organization\"},\"potentialAction\":[{\"@type\":\"SearchAction\",\"target\":{\"@type\":\"EntryPoint\",\"urlTemplate\":\"https:\\\/\\\/www.voelkl-partners.at\\\/en\\\/?s={search_term_string}\"},\"query-input\":{\"@type\":\"PropertyValueSpecification\",\"valueRequired\":true,\"valueName\":\"search_term_string\"}}],\"inLanguage\":\"en-US\"},{\"@type\":\"Organization\",\"@id\":\"https:\\\/\\\/www.voelkl-partners.at\\\/en\\\/#organization\",\"name\":\"V\u00f6lkl Rechtsanw\u00e4lte\",\"url\":\"https:\\\/\\\/www.voelkl-partners.at\\\/en\\\/\",\"logo\":{\"@type\":\"ImageObject\",\"inLanguage\":\"en-US\",\"@id\":\"https:\\\/\\\/www.voelkl-partners.at\\\/en\\\/#\\\/schema\\\/logo\\\/image\\\/\",\"url\":\"https:\\\/\\\/www.voelkl-partners.at\\\/wp-content\\\/uploads\\\/2022\\\/08\\\/voelkl_logo_rgb_300dpi_neg.png\",\"contentUrl\":\"https:\\\/\\\/www.voelkl-partners.at\\\/wp-content\\\/uploads\\\/2022\\\/08\\\/voelkl_logo_rgb_300dpi_neg.png\",\"width\":3695,\"height\":1500,\"caption\":\"V\u00f6lkl Rechtsanw\u00e4lte\"},\"image\":{\"@id\":\"https:\\\/\\\/www.voelkl-partners.at\\\/en\\\/#\\\/schema\\\/logo\\\/image\\\/\"}}]}<\/script>\n<!-- \/ Yoast SEO plugin. -->","yoast_head_json":{"title":"Imprint - V\u00f6lkl Rechtsanw\u00e4lte","robots":{"index":"index","follow":"follow","max-snippet":"max-snippet:-1","max-image-preview":"max-image-preview:large","max-video-preview":"max-video-preview:-1"},"canonical":"https:\/\/www.voelkl-partners.at\/en\/imprint\/","og_locale":"en_US","og_type":"article","og_title":"Imprint - V\u00f6lkl Rechtsanw\u00e4lte","og_description":"Disclosure obligation pursuant to \u00a7 Section 25 MedienG and information obligations pursuant to \u00a7 5 E-Commerce Act (ECG) and \u00a7 14 UGB: V\u00f6lkl Attorneys at Law Ltd.Neutorgasse 12\/91010, Austria T +43 1 934 60 68E office@voelkl.partners UID ATU75601029FN 530392 pVienna Commercial Court Competent chamber: Vienna Bar Association: www.rakwien.at The Rules of Professional Conduct can be&hellip;&nbsp;","og_url":"https:\/\/www.voelkl-partners.at\/en\/imprint\/","og_site_name":"V\u00f6lkl Rechtsanw\u00e4lte","article_modified_time":"2024-04-24T06:52:30+00:00","twitter_card":"summary_large_image","twitter_misc":{"Est. reading time":"1 minute"},"schema":{"@context":"https:\/\/schema.org","@graph":[{"@type":"WebPage","@id":"https:\/\/www.voelkl-partners.at\/en\/imprint\/","url":"https:\/\/www.voelkl-partners.at\/en\/imprint\/","name":"Imprint - V\u00f6lkl Rechtsanw\u00e4lte","isPartOf":{"@id":"https:\/\/www.voelkl-partners.at\/en\/#website"},"datePublished":"2022-08-03T13:28:00+00:00","dateModified":"2024-04-24T06:52:30+00:00","breadcrumb":{"@id":"https:\/\/www.voelkl-partners.at\/en\/imprint\/#breadcrumb"},"inLanguage":"en-US","potentialAction":[{"@type":"ReadAction","target":["https:\/\/www.voelkl-partners.at\/en\/imprint\/"]}]},{"@type":"BreadcrumbList","@id":"https:\/\/www.voelkl-partners.at\/en\/imprint\/#breadcrumb","itemListElement":[{"@type":"ListItem","position":1,"name":"Home","item":"https:\/\/www.voelkl-partners.at\/en\/"},{"@type":"ListItem","position":2,"name":"Imprint"}]},{"@type":"WebSite","@id":"https:\/\/www.voelkl-partners.at\/en\/#website","url":"https:\/\/www.voelkl-partners.at\/en\/","name":"V\u00f6lkl Rechtsanw\u00e4lte","description":"Wir unterst\u00fctzen Sie in allen wirtschaftsrechtlichen Belangen!","publisher":{"@id":"https:\/\/www.voelkl-partners.at\/en\/#organization"},"potentialAction":[{"@type":"SearchAction","target":{"@type":"EntryPoint","urlTemplate":"https:\/\/www.voelkl-partners.at\/en\/?s={search_term_string}"},"query-input":{"@type":"PropertyValueSpecification","valueRequired":true,"valueName":"search_term_string"}}],"inLanguage":"en-US"},{"@type":"Organization","@id":"https:\/\/www.voelkl-partners.at\/en\/#organization","name":"V\u00f6lkl Rechtsanw\u00e4lte","url":"https:\/\/www.voelkl-partners.at\/en\/","logo":{"@type":"ImageObject","inLanguage":"en-US","@id":"https:\/\/www.voelkl-partners.at\/en\/#\/schema\/logo\/image\/","url":"https:\/\/www.voelkl-partners.at\/wp-content\/uploads\/2022\/08\/voelkl_logo_rgb_300dpi_neg.png","contentUrl":"https:\/\/www.voelkl-partners.at\/wp-content\/uploads\/2022\/08\/voelkl_logo_rgb_300dpi_neg.png","width":3695,"height":1500,"caption":"V\u00f6lkl Rechtsanw\u00e4lte"},"image":{"@id":"https:\/\/www.voelkl-partners.at\/en\/#\/schema\/logo\/image\/"}}]}},"_links":{"self":[{"href":"https:\/\/www.voelkl-partners.at\/en\/wp-json\/wp\/v2\/pages\/4011","targetHints":{"allow":["GET"]}}],"collection":[{"href":"https:\/\/www.voelkl-partners.at\/en\/wp-json\/wp\/v2\/pages"}],"about":[{"href":"https:\/\/www.voelkl-partners.at\/en\/wp-json\/wp\/v2\/types\/page"}],"author":[{"embeddable":true,"href":"https:\/\/www.voelkl-partners.at\/en\/wp-json\/wp\/v2\/users\/2"}],"replies":[{"embeddable":true,"href":"https:\/\/www.voelkl-partners.at\/en\/wp-json\/wp\/v2\/comments?post=4011"}],"version-history":[{"count":5,"href":"https:\/\/www.voelkl-partners.at\/en\/wp-json\/wp\/v2\/pages\/4011\/revisions"}],"predecessor-version":[{"id":4822,"href":"https:\/\/www.voelkl-partners.at\/en\/wp-json\/wp\/v2\/pages\/4011\/revisions\/4822"}],"wp:attachment":[{"href":"https:\/\/www.voelkl-partners.at\/en\/wp-json\/wp\/v2\/media?parent=4011"}],"curies":[{"name":"wp","href":"https:\/\/api.w.org\/{rel}","templated":true}]}}