{"id":4015,"date":"2022-08-03T14:26:58","date_gmt":"2022-08-03T13:26:58","guid":{"rendered":"https:\/\/www.voelkl-partners.at\/sustainability\/"},"modified":"2024-04-24T07:51:09","modified_gmt":"2024-04-24T06:51:09","slug":"sustainability","status":"publish","type":"page","link":"https:\/\/www.voelkl-partners.at\/en\/sustainability\/","title":{"rendered":"Sustainability"},"content":{"rendered":"\t\t<div data-elementor-type=\"wp-page\" data-elementor-id=\"4015\" class=\"elementor elementor-4015 elementor-44\" data-elementor-post-type=\"page\">\n\t\t\t\t\t\t<section class=\"elementor-section elementor-top-section elementor-element elementor-element-20040d3a elementor-section-boxed elementor-section-height-default elementor-section-height-default\" data-id=\"20040d3a\" data-element_type=\"section\" data-e-type=\"section\">\n\t\t\t\t\t\t<div class=\"elementor-container elementor-column-gap-default\">\n\t\t\t\t\t<div class=\"elementor-column elementor-col-100 elementor-top-column elementor-element elementor-element-2ccdf99f\" data-id=\"2ccdf99f\" data-element_type=\"column\" data-e-type=\"column\">\n\t\t\t<div class=\"elementor-widget-wrap elementor-element-populated\">\n\t\t\t\t\t\t<div class=\"elementor-element elementor-element-c043984 elementor-widget elementor-widget-heading\" data-id=\"c043984\" data-element_type=\"widget\" data-e-type=\"widget\" data-widget_type=\"heading.default\">\n\t\t\t\t<div class=\"elementor-widget-container\">\n\t\t\t\t\t<h1 class=\"elementor-heading-title elementor-size-default\">Sustainability<\/h1>\t\t\t\t<\/div>\n\t\t\t\t<\/div>\n\t\t\t\t<div class=\"elementor-element elementor-element-bc03646 elementor-widget elementor-widget-text-editor\" data-id=\"bc03646\" data-element_type=\"widget\" data-e-type=\"widget\" data-widget_type=\"text-editor.default\">\n\t\t\t\t<div class=\"elementor-widget-container\">\n\t\t\t\t\t\t\t\t\t<p><strong>Sustainability is very important to us!<\/strong> We are one of the first law firms in Austria to be recognized in the <a href=\"https:\/\/www.legal500.com\/editions\/global-green-guide-emea-2023\/?country=Austria\" target=\"_blank\" rel=\"noopener\">Legal500 Green Guide<\/a>. That&#8217;s why we offer special fee arrangements to clients who can demonstrate a substantial commitment to ESG. ESG stands for &#8220;Environment, Social, Governance&#8221; and is intended to serve as a measurement module to show the sustainability of a company.<\/p>\n<p><strong>Sustainability, as well as social responsibility<\/strong>, has long been one of the focal points of our firm. In this context, we have a special focus on <strong>sustainable financing<\/strong>: for example, we have extensive experience in advising Austrian banks on the implementation of ESG criteria in their services.<\/p>\n<p>Among our <strong>most important clients<\/strong> are Austria&#8217;s largest public transport companies, which we have advised on the expansion of the public transport network in order to reduce regional dependence on cars. This Causa was published by <a href=\"https:\/\/www.voelkl-partners.at\/en\/dr-clemens-voelkl\/\"><br \/>\n  <strong>Clemens V\u00f6lkl<\/strong><br \/>\n<\/a>, managed. The real estate expert <a href=\"https:\/\/www.voelkl-partners.at\/en\/philipp-frenzl\/\"><br \/>\n  <strong>Philipp Frenzl<\/strong><br \/>\n<\/a> advised Neue Heimat, one of Austria&#8217;s largest social housing associations, free of charge on the installation of charging stations for electric vehicles, enabling tenants to use environmentally friendly vehicles. He also worked on a pro bono basis with <strong>startup company <\/strong><a href=\"https:\/\/goood-mobile.at\/\" target=\"_blank\" rel=\"noopener\"><br \/>\n  <strong>Goood Mobile<\/strong><br \/>\n<\/a> to develop an advanced new charging model for telecom services that allows consumers to donate a portion of their charges to nonprofit environmental or social projects.<\/p>\n<p>Another focus is nature conservation and renewable energies, where we have advised on the construction of wind farms, for example.<\/p>\n\t\t\t\t\t\t\t\t<\/div>\n\t\t\t\t<\/div>\n\t\t\t\t\t<\/div>\n\t\t<\/div>\n\t\t\t\t\t<\/div>\n\t\t<\/section>\n\t\t\t\t<\/div>\n\t\t","protected":false},"excerpt":{"rendered":"<p>Sustainability is very important to us! We are one of the first law firms in Austria to be recognized in the Legal500 Green Guide. That&#8217;s why we offer special fee arrangements to clients who can demonstrate a substantial commitment to ESG. ESG stands for &#8220;Environment, Social, Governance&#8221; and is intended to serve as a measurement&hellip;&nbsp;<\/p>\n","protected":false},"author":2,"featured_media":0,"parent":0,"menu_order":0,"comment_status":"closed","ping_status":"closed","template":"elementor_header_footer","meta":{"neve_meta_sidebar":"","neve_meta_container":"","neve_meta_enable_content_width":"","neve_meta_content_width":0,"neve_meta_title_alignment":"","neve_meta_author_avatar":"","neve_post_elements_order":"","neve_meta_disable_header":"","neve_meta_disable_footer":"","neve_meta_disable_title":"","neve_meta_reading_time":"","footnotes":""},"class_list":["post-4015","page","type-page","status-publish","hentry"],"yoast_head":"<!-- This site is optimized with the Yoast SEO plugin v27.3 - https:\/\/yoast.com\/product\/yoast-seo-wordpress\/ -->\n<title>Lawyer for sustainability | Sustainability Law | V\u00f6lkl Rechtsanw\u00e4lte<\/title>\n<meta name=\"description\" content=\"Sustainability in business is more important than ever. We help you achieve your ESG goals and make your company sustainable.\" \/>\n<meta name=\"robots\" content=\"index, follow, max-snippet:-1, max-image-preview:large, max-video-preview:-1\" \/>\n<link rel=\"canonical\" href=\"https:\/\/www.voelkl-partners.at\/en\/sustainability\/\" \/>\n<meta property=\"og:locale\" content=\"en_US\" \/>\n<meta property=\"og:type\" content=\"article\" \/>\n<meta property=\"og:title\" content=\"Lawyer for sustainability | Sustainability Law | V\u00f6lkl Rechtsanw\u00e4lte\" \/>\n<meta property=\"og:description\" content=\"Sustainability in business is more important than ever. We help you achieve your ESG goals and make your company sustainable.\" \/>\n<meta property=\"og:url\" content=\"https:\/\/www.voelkl-partners.at\/en\/sustainability\/\" \/>\n<meta property=\"og:site_name\" content=\"V\u00f6lkl Rechtsanw\u00e4lte\" \/>\n<meta property=\"article:modified_time\" content=\"2024-04-24T06:51:09+00:00\" \/>\n<meta name=\"twitter:card\" content=\"summary_large_image\" \/>\n<meta name=\"twitter:label1\" content=\"Est. reading time\" \/>\n\t<meta name=\"twitter:data1\" content=\"2 minutes\" \/>\n<script type=\"application\/ld+json\" class=\"yoast-schema-graph\">{\"@context\":\"https:\\\/\\\/schema.org\",\"@graph\":[{\"@type\":\"WebPage\",\"@id\":\"https:\\\/\\\/www.voelkl-partners.at\\\/en\\\/sustainability\\\/\",\"url\":\"https:\\\/\\\/www.voelkl-partners.at\\\/en\\\/sustainability\\\/\",\"name\":\"Lawyer for sustainability | Sustainability Law | V\u00f6lkl Rechtsanw\u00e4lte\",\"isPartOf\":{\"@id\":\"https:\\\/\\\/www.voelkl-partners.at\\\/en\\\/#website\"},\"datePublished\":\"2022-08-03T13:26:58+00:00\",\"dateModified\":\"2024-04-24T06:51:09+00:00\",\"description\":\"Sustainability in business is more important than ever. We help you achieve your ESG goals and make your company sustainable.\",\"breadcrumb\":{\"@id\":\"https:\\\/\\\/www.voelkl-partners.at\\\/en\\\/sustainability\\\/#breadcrumb\"},\"inLanguage\":\"en-US\",\"potentialAction\":[{\"@type\":\"ReadAction\",\"target\":[\"https:\\\/\\\/www.voelkl-partners.at\\\/en\\\/sustainability\\\/\"]}]},{\"@type\":\"BreadcrumbList\",\"@id\":\"https:\\\/\\\/www.voelkl-partners.at\\\/en\\\/sustainability\\\/#breadcrumb\",\"itemListElement\":[{\"@type\":\"ListItem\",\"position\":1,\"name\":\"Home\",\"item\":\"https:\\\/\\\/www.voelkl-partners.at\\\/en\\\/\"},{\"@type\":\"ListItem\",\"position\":2,\"name\":\"Sustainability\"}]},{\"@type\":\"WebSite\",\"@id\":\"https:\\\/\\\/www.voelkl-partners.at\\\/en\\\/#website\",\"url\":\"https:\\\/\\\/www.voelkl-partners.at\\\/en\\\/\",\"name\":\"V\u00f6lkl Rechtsanw\u00e4lte\",\"description\":\"Wir unterst\u00fctzen Sie in allen wirtschaftsrechtlichen Belangen!\",\"publisher\":{\"@id\":\"https:\\\/\\\/www.voelkl-partners.at\\\/en\\\/#organization\"},\"potentialAction\":[{\"@type\":\"SearchAction\",\"target\":{\"@type\":\"EntryPoint\",\"urlTemplate\":\"https:\\\/\\\/www.voelkl-partners.at\\\/en\\\/?s={search_term_string}\"},\"query-input\":{\"@type\":\"PropertyValueSpecification\",\"valueRequired\":true,\"valueName\":\"search_term_string\"}}],\"inLanguage\":\"en-US\"},{\"@type\":\"Organization\",\"@id\":\"https:\\\/\\\/www.voelkl-partners.at\\\/en\\\/#organization\",\"name\":\"V\u00f6lkl Rechtsanw\u00e4lte\",\"url\":\"https:\\\/\\\/www.voelkl-partners.at\\\/en\\\/\",\"logo\":{\"@type\":\"ImageObject\",\"inLanguage\":\"en-US\",\"@id\":\"https:\\\/\\\/www.voelkl-partners.at\\\/en\\\/#\\\/schema\\\/logo\\\/image\\\/\",\"url\":\"https:\\\/\\\/www.voelkl-partners.at\\\/wp-content\\\/uploads\\\/2022\\\/08\\\/voelkl_logo_rgb_300dpi_neg.png\",\"contentUrl\":\"https:\\\/\\\/www.voelkl-partners.at\\\/wp-content\\\/uploads\\\/2022\\\/08\\\/voelkl_logo_rgb_300dpi_neg.png\",\"width\":3695,\"height\":1500,\"caption\":\"V\u00f6lkl Rechtsanw\u00e4lte\"},\"image\":{\"@id\":\"https:\\\/\\\/www.voelkl-partners.at\\\/en\\\/#\\\/schema\\\/logo\\\/image\\\/\"}}]}<\/script>\n<!-- \/ Yoast SEO plugin. -->","yoast_head_json":{"title":"Lawyer for sustainability | Sustainability Law | V\u00f6lkl Rechtsanw\u00e4lte","description":"Sustainability in business is more important than ever. We help you achieve your ESG goals and make your company sustainable.","robots":{"index":"index","follow":"follow","max-snippet":"max-snippet:-1","max-image-preview":"max-image-preview:large","max-video-preview":"max-video-preview:-1"},"canonical":"https:\/\/www.voelkl-partners.at\/en\/sustainability\/","og_locale":"en_US","og_type":"article","og_title":"Lawyer for sustainability | Sustainability Law | V\u00f6lkl Rechtsanw\u00e4lte","og_description":"Sustainability in business is more important than ever. We help you achieve your ESG goals and make your company sustainable.","og_url":"https:\/\/www.voelkl-partners.at\/en\/sustainability\/","og_site_name":"V\u00f6lkl Rechtsanw\u00e4lte","article_modified_time":"2024-04-24T06:51:09+00:00","twitter_card":"summary_large_image","twitter_misc":{"Est. reading time":"2 minutes"},"schema":{"@context":"https:\/\/schema.org","@graph":[{"@type":"WebPage","@id":"https:\/\/www.voelkl-partners.at\/en\/sustainability\/","url":"https:\/\/www.voelkl-partners.at\/en\/sustainability\/","name":"Lawyer for sustainability | Sustainability Law | V\u00f6lkl Rechtsanw\u00e4lte","isPartOf":{"@id":"https:\/\/www.voelkl-partners.at\/en\/#website"},"datePublished":"2022-08-03T13:26:58+00:00","dateModified":"2024-04-24T06:51:09+00:00","description":"Sustainability in business is more important than ever. We help you achieve your ESG goals and make your company sustainable.","breadcrumb":{"@id":"https:\/\/www.voelkl-partners.at\/en\/sustainability\/#breadcrumb"},"inLanguage":"en-US","potentialAction":[{"@type":"ReadAction","target":["https:\/\/www.voelkl-partners.at\/en\/sustainability\/"]}]},{"@type":"BreadcrumbList","@id":"https:\/\/www.voelkl-partners.at\/en\/sustainability\/#breadcrumb","itemListElement":[{"@type":"ListItem","position":1,"name":"Home","item":"https:\/\/www.voelkl-partners.at\/en\/"},{"@type":"ListItem","position":2,"name":"Sustainability"}]},{"@type":"WebSite","@id":"https:\/\/www.voelkl-partners.at\/en\/#website","url":"https:\/\/www.voelkl-partners.at\/en\/","name":"V\u00f6lkl Rechtsanw\u00e4lte","description":"Wir unterst\u00fctzen Sie in allen wirtschaftsrechtlichen Belangen!","publisher":{"@id":"https:\/\/www.voelkl-partners.at\/en\/#organization"},"potentialAction":[{"@type":"SearchAction","target":{"@type":"EntryPoint","urlTemplate":"https:\/\/www.voelkl-partners.at\/en\/?s={search_term_string}"},"query-input":{"@type":"PropertyValueSpecification","valueRequired":true,"valueName":"search_term_string"}}],"inLanguage":"en-US"},{"@type":"Organization","@id":"https:\/\/www.voelkl-partners.at\/en\/#organization","name":"V\u00f6lkl Rechtsanw\u00e4lte","url":"https:\/\/www.voelkl-partners.at\/en\/","logo":{"@type":"ImageObject","inLanguage":"en-US","@id":"https:\/\/www.voelkl-partners.at\/en\/#\/schema\/logo\/image\/","url":"https:\/\/www.voelkl-partners.at\/wp-content\/uploads\/2022\/08\/voelkl_logo_rgb_300dpi_neg.png","contentUrl":"https:\/\/www.voelkl-partners.at\/wp-content\/uploads\/2022\/08\/voelkl_logo_rgb_300dpi_neg.png","width":3695,"height":1500,"caption":"V\u00f6lkl Rechtsanw\u00e4lte"},"image":{"@id":"https:\/\/www.voelkl-partners.at\/en\/#\/schema\/logo\/image\/"}}]}},"_links":{"self":[{"href":"https:\/\/www.voelkl-partners.at\/en\/wp-json\/wp\/v2\/pages\/4015","targetHints":{"allow":["GET"]}}],"collection":[{"href":"https:\/\/www.voelkl-partners.at\/en\/wp-json\/wp\/v2\/pages"}],"about":[{"href":"https:\/\/www.voelkl-partners.at\/en\/wp-json\/wp\/v2\/types\/page"}],"author":[{"embeddable":true,"href":"https:\/\/www.voelkl-partners.at\/en\/wp-json\/wp\/v2\/users\/2"}],"replies":[{"embeddable":true,"href":"https:\/\/www.voelkl-partners.at\/en\/wp-json\/wp\/v2\/comments?post=4015"}],"version-history":[{"count":5,"href":"https:\/\/www.voelkl-partners.at\/en\/wp-json\/wp\/v2\/pages\/4015\/revisions"}],"predecessor-version":[{"id":4397,"href":"https:\/\/www.voelkl-partners.at\/en\/wp-json\/wp\/v2\/pages\/4015\/revisions\/4397"}],"wp:attachment":[{"href":"https:\/\/www.voelkl-partners.at\/en\/wp-json\/wp\/v2\/media?parent=4015"}],"curies":[{"name":"wp","href":"https:\/\/api.w.org\/{rel}","templated":true}]}}