{"id":4025,"date":"2022-08-03T14:28:29","date_gmt":"2022-08-03T13:28:29","guid":{"rendered":"https:\/\/www.voelkl-partners.at\/privacy\/"},"modified":"2024-04-24T07:51:50","modified_gmt":"2024-04-24T06:51:50","slug":"privacy","status":"publish","type":"page","link":"https:\/\/www.voelkl-partners.at\/en\/privacy\/","title":{"rendered":"Privacy"},"content":{"rendered":"\t\t<div data-elementor-type=\"wp-page\" data-elementor-id=\"4025\" class=\"elementor elementor-4025 elementor-54\" data-elementor-post-type=\"page\">\n\t\t\t\t\t\t<section class=\"elementor-section elementor-top-section elementor-element elementor-element-15fd5df7 elementor-section-boxed elementor-section-height-default elementor-section-height-default\" data-id=\"15fd5df7\" data-element_type=\"section\" data-e-type=\"section\">\n\t\t\t\t\t\t<div class=\"elementor-container elementor-column-gap-default\">\n\t\t\t\t\t<div class=\"elementor-column elementor-col-100 elementor-top-column elementor-element elementor-element-170ba0b3\" data-id=\"170ba0b3\" data-element_type=\"column\" data-e-type=\"column\">\n\t\t\t<div class=\"elementor-widget-wrap elementor-element-populated\">\n\t\t\t\t\t\t<div class=\"elementor-element elementor-element-7245d465 elementor-widget elementor-widget-heading\" data-id=\"7245d465\" data-element_type=\"widget\" data-e-type=\"widget\" data-widget_type=\"heading.default\">\n\t\t\t\t<div class=\"elementor-widget-container\">\n\t\t\t\t\t<h1 class=\"elementor-heading-title elementor-size-default\">Privacy policy<\/h1>\t\t\t\t<\/div>\n\t\t\t\t<\/div>\n\t\t\t\t\t<\/div>\n\t\t<\/div>\n\t\t\t\t\t<\/div>\n\t\t<\/section>\n\t\t\t\t<section class=\"elementor-section elementor-top-section elementor-element elementor-element-8294574 elementor-section-boxed elementor-section-height-default elementor-section-height-default\" data-id=\"8294574\" data-element_type=\"section\" data-e-type=\"section\">\n\t\t\t\t\t\t<div class=\"elementor-container elementor-column-gap-default\">\n\t\t\t\t\t<div class=\"elementor-column elementor-col-100 elementor-top-column elementor-element elementor-element-3fd122ee\" data-id=\"3fd122ee\" data-element_type=\"column\" data-e-type=\"column\">\n\t\t\t<div class=\"elementor-widget-wrap elementor-element-populated\">\n\t\t\t\t\t\t<div class=\"elementor-element elementor-element-8196353 elementor-widget elementor-widget-heading\" data-id=\"8196353\" data-element_type=\"widget\" data-e-type=\"widget\" data-widget_type=\"heading.default\">\n\t\t\t\t<div class=\"elementor-widget-container\">\n\t\t\t\t\t<h2 class=\"elementor-heading-title elementor-size-default\">Person in charge and personal data\n<\/h2>\t\t\t\t<\/div>\n\t\t\t\t<\/div>\n\t\t\t\t<div class=\"elementor-element elementor-element-d5b5091 elementor-widget elementor-widget-text-editor\" data-id=\"d5b5091\" data-element_type=\"widget\" data-e-type=\"widget\" data-widget_type=\"text-editor.default\">\n\t\t\t\t<div class=\"elementor-widget-container\">\n\t\t\t\t\t\t\t\t\t<p>Responsible for data processing on this website is the<\/p>\n<p><strong>V\u00f6lkl Attorneys at Law Ltd.<\/strong><br \/>Neutorgasse 12\/9<br \/>1010 Vienna<br \/>T <a href=\"tel:+4319346068\">+43 1 934 60 68<\/a><br \/>E <a href=\"mailto:office@voelkl-partners.at\">office@voelkl-partners.at<\/a><\/p>\n<p>If you have any questions about the processing of your data, please feel free to contact us by e-mail or by post.<\/p>\n<p>Personal data is data that contains individual information about personal or factual circumstances, such as name, address, e-mail address, telephone number, date of birth, age, gender, social security number, video recordings, photographs, voice recordings of individuals, and biometric data such as fingerprints. Sensitive data, such as health data or data related to criminal proceedings, may also be included.<\/p>\n<p>We collect, process and use your personal data only with your consent, mandate or assignment for the purposes agreed with you or if there is another legal basis in accordance with the DSGVO and in compliance with the provisions of data protection law.<\/p>\n<p>Personal data is collected that is necessary for the provision of our legal services, that has been made available to us voluntarily or contractually.<\/p>\n<p>When you call up our website, your browser transmits the following data to our web server and collects it for statistical and technical purposes: IP address, data and time of the call, browser, operating system used, the website from which you visit our website.<\/p>\n\t\t\t\t\t\t\t\t<\/div>\n\t\t\t\t<\/div>\n\t\t\t\t\t<\/div>\n\t\t<\/div>\n\t\t\t\t\t<\/div>\n\t\t<\/section>\n\t\t\t\t<section class=\"elementor-section elementor-top-section elementor-element elementor-element-b3c620d elementor-section-boxed elementor-section-height-default elementor-section-height-default\" data-id=\"b3c620d\" data-element_type=\"section\" data-e-type=\"section\">\n\t\t\t\t\t\t<div class=\"elementor-container elementor-column-gap-default\">\n\t\t\t\t\t<div class=\"elementor-column elementor-col-100 elementor-top-column elementor-element elementor-element-84afc39\" data-id=\"84afc39\" data-element_type=\"column\" data-e-type=\"column\">\n\t\t\t<div class=\"elementor-widget-wrap elementor-element-populated\">\n\t\t\t\t\t\t<div class=\"elementor-element elementor-element-6cc9c14 elementor-widget elementor-widget-heading\" data-id=\"6cc9c14\" data-element_type=\"widget\" data-e-type=\"widget\" data-widget_type=\"heading.default\">\n\t\t\t\t<div class=\"elementor-widget-container\">\n\t\t\t\t\t<h2 class=\"elementor-heading-title elementor-size-default\">Data use and legal basis of data processing\n<\/h2>\t\t\t\t<\/div>\n\t\t\t\t<\/div>\n\t\t\t\t<div class=\"elementor-element elementor-element-a9f8f59 elementor-widget elementor-widget-text-editor\" data-id=\"a9f8f59\" data-element_type=\"widget\" data-e-type=\"widget\" data-widget_type=\"text-editor.default\">\n\t\t\t\t<div class=\"elementor-widget-container\">\n\t\t\t\t\t\t\t\t\t<p>We process the data provided to us for the purposes provided for in the mandate agreement or by your consent or otherwise by a provision in accordance with the GDPR. If the data provided is anonymized, we use the data for statistical purposes.<\/p>\n<p>We process data on the basis of a legal basis iSd DSGVO:<\/p>\n<ul>\n<li>Consent pursuant to Art 6 para 1 lit a DSGVO: The processing of those data that you provide to us for the login area on the website or to subscribe to our newsletter is based on your consent. The processing (purpose, extent) depends on the underlying declaration of consent, which can be revoked at any time in text form (e.g. e-mail).<\/li>\n<\/ul>\n<ul>\n<li>Contractual obligations pursuant to Art 6 para 1 lit b DSGVO: We process data that you provide to us in the course of our mandate or in the context of an application on the basis of our (pre)-contractual obligations.<\/li>\n<\/ul>\n<ul>\n<li>Legal obligations pursuant to Art 6 para 1 lit c DSGVO: On the basis of Art 6 Abs 1 lit c DSGVO we process data if this is necessary for the fulfillment of legal obligations.<\/li>\n<\/ul>\n<ul>\n<li>Legitimate interest pursuant to Art 6 para 1 lit f DSGVO: The processing of personal data to protect a legitimate interest on our part or on the part of a third party is based on Art 6 para 1 lit f DSGVO. Our legitimate interest lies, for example, but not exclusively, in ensuring the availability and operation of our website and to carry out marketing measures.<\/li>\n<\/ul>\n\t\t\t\t\t\t\t\t<\/div>\n\t\t\t\t<\/div>\n\t\t\t\t\t<\/div>\n\t\t<\/div>\n\t\t\t\t\t<\/div>\n\t\t<\/section>\n\t\t\t\t<section class=\"elementor-section elementor-top-section elementor-element elementor-element-1de285a elementor-section-boxed elementor-section-height-default elementor-section-height-default\" data-id=\"1de285a\" data-element_type=\"section\" data-e-type=\"section\">\n\t\t\t\t\t\t<div class=\"elementor-container elementor-column-gap-default\">\n\t\t\t\t\t<div class=\"elementor-column elementor-col-100 elementor-top-column elementor-element elementor-element-e7ea4e3\" data-id=\"e7ea4e3\" data-element_type=\"column\" data-e-type=\"column\">\n\t\t\t<div class=\"elementor-widget-wrap elementor-element-populated\">\n\t\t\t\t\t\t<div class=\"elementor-element elementor-element-6aeb080 elementor-widget elementor-widget-heading\" data-id=\"6aeb080\" data-element_type=\"widget\" data-e-type=\"widget\" data-widget_type=\"heading.default\">\n\t\t\t\t<div class=\"elementor-widget-container\">\n\t\t\t\t\t<h2 class=\"elementor-heading-title elementor-size-default\">Data transmission to third parties\n<\/h2>\t\t\t\t<\/div>\n\t\t\t\t<\/div>\n\t\t\t\t<div class=\"elementor-element elementor-element-66cda17 elementor-widget elementor-widget-text-editor\" data-id=\"66cda17\" data-element_type=\"widget\" data-e-type=\"widget\" data-widget_type=\"text-editor.default\">\n\t\t\t\t<div class=\"elementor-widget-container\">\n\t\t\t\t\t\t\t\t\t<p>In order to fulfill your order, it may be necessary to forward your data to third parties (e.g. opponents, intervening parties, insurance companies, substitutes, service providers whom we engage and who provide us with data, etc.), courts or authorities. Your data will be forwarded exclusively on the basis of the DSGVO, in particular for the fulfillment of the mandate or on the basis of your prior consent.<\/p>\n<p>We only transfer your personal data to countries for which the EU Commission has decided that they have an adequate level of data protection or we take measures to ensure that all recipients have an adequate level of data protection.<\/p>\n\t\t\t\t\t\t\t\t<\/div>\n\t\t\t\t<\/div>\n\t\t\t\t\t<\/div>\n\t\t<\/div>\n\t\t\t\t\t<\/div>\n\t\t<\/section>\n\t\t\t\t<section class=\"elementor-section elementor-top-section elementor-element elementor-element-cc57220 elementor-section-boxed elementor-section-height-default elementor-section-height-default\" data-id=\"cc57220\" data-element_type=\"section\" data-e-type=\"section\">\n\t\t\t\t\t\t<div class=\"elementor-container elementor-column-gap-default\">\n\t\t\t\t\t<div class=\"elementor-column elementor-col-100 elementor-top-column elementor-element elementor-element-3beaf90\" data-id=\"3beaf90\" data-element_type=\"column\" data-e-type=\"column\">\n\t\t\t<div class=\"elementor-widget-wrap elementor-element-populated\">\n\t\t\t\t\t\t<div class=\"elementor-element elementor-element-2adfe2e elementor-widget elementor-widget-heading\" data-id=\"2adfe2e\" data-element_type=\"widget\" data-e-type=\"widget\" data-widget_type=\"heading.default\">\n\t\t\t\t<div class=\"elementor-widget-container\">\n\t\t\t\t\t<h2 class=\"elementor-heading-title elementor-size-default\">Data retention period\n<\/h2>\t\t\t\t<\/div>\n\t\t\t\t<\/div>\n\t\t\t\t<div class=\"elementor-element elementor-element-4886dd2 elementor-widget elementor-widget-text-editor\" data-id=\"4886dd2\" data-element_type=\"widget\" data-e-type=\"widget\" data-widget_type=\"text-editor.default\">\n\t\t\t\t<div class=\"elementor-widget-container\">\n\t\t\t\t\t\t\t\t\t<p>The data will be processed as long as this is necessary for the fulfillment of our contractual or legal obligations and for the defense of any liability claims. We will ensure that your personal data is handled in accordance with this privacy policy throughout the entire period.<\/p>\n<ul>\n<li><strong>Data subject rights<\/strong><\/li>\n<\/ul>\n<p>You can assert the following rights according to the GDPR:<\/p>\n<ul>\n<li>Revocation of consent (Art 7 DSGVO): If you have given us consent to process your data, you have the option to revoke this consent. The lawfulness of the processing carried out due to your consent until revocation remains unaffected.<\/li>\n<\/ul>\n<ul>\n<li>Right to information (Art 15 DSGVO): You have the right to be informed whether your personal data is processed by us and for what purposes.<\/li>\n<\/ul>\n<ul>\n<li>Right to rectification (Art 16 DSGVO): You have the right to request a correction of your personal data from us. This also includes the correction of incorrect data and the completion of incomplete personal data.<\/li>\n<\/ul>\n<ul>\n<li>Right to erasure (Art 17 DSGVO): You have the right to request the deletion of your personal data from us, provided that the processing of your personal data is not necessary and the reasons listed in Art 17 para 1 lit a to f DSGVO exist.<\/li>\n<\/ul>\n<ul>\n<li>Right to restriction of processing (Art 18 GDPR): You have the right to request the restriction of data processing from us in the cases listed in Art 18 (e.g. the data is incorrect).<\/li>\n<\/ul>\n<ul>\n<li>Right to data portability (Art 20 GDPR): You have the right to data transfer of the transmitted personal data in a common format to another controller.<\/li>\n<\/ul>\n<ul>\n<li>Right to object (Art 21 DSGVO): You have the right to object to the processing of your personal data that we process as part of the website.<\/li>\n<\/ul>\n<ul>\n<li>Right of complaint: You have the right to complain to the Austrian Data Protection Authority: Austrian Data Protection Authority, Barichgasse 40-42, 1030 Vienna and e-mail: <a href=\"mailto:dsb@dsb.gv.at\">dsb@dsb.gv.at<\/a>; accessible on the Internet at <a href=\"http:\/\/www.dsb.gv.at\/\">www.dsb.gv.at<\/a>.<\/li>\n<\/ul>\n\t\t\t\t\t\t\t\t<\/div>\n\t\t\t\t<\/div>\n\t\t\t\t\t<\/div>\n\t\t<\/div>\n\t\t\t\t\t<\/div>\n\t\t<\/section>\n\t\t\t\t<section class=\"elementor-section elementor-top-section elementor-element elementor-element-03ad082 elementor-section-boxed elementor-section-height-default elementor-section-height-default\" data-id=\"03ad082\" data-element_type=\"section\" data-e-type=\"section\">\n\t\t\t\t\t\t<div class=\"elementor-container elementor-column-gap-default\">\n\t\t\t\t\t<div class=\"elementor-column elementor-col-100 elementor-top-column elementor-element elementor-element-374fff7\" data-id=\"374fff7\" data-element_type=\"column\" data-e-type=\"column\">\n\t\t\t<div class=\"elementor-widget-wrap elementor-element-populated\">\n\t\t\t\t\t\t<div class=\"elementor-element elementor-element-c2f7ff4 elementor-widget elementor-widget-heading\" data-id=\"c2f7ff4\" data-element_type=\"widget\" data-e-type=\"widget\" data-widget_type=\"heading.default\">\n\t\t\t\t<div class=\"elementor-widget-container\">\n\t\t\t\t\t<h2 class=\"elementor-heading-title elementor-size-default\">Change of the privacy policy\n<\/h2>\t\t\t\t<\/div>\n\t\t\t\t<\/div>\n\t\t\t\t<div class=\"elementor-element elementor-element-bfea0ac elementor-widget elementor-widget-text-editor\" data-id=\"bfea0ac\" data-element_type=\"widget\" data-e-type=\"widget\" data-widget_type=\"text-editor.default\">\n\t\t\t\t<div class=\"elementor-widget-container\">\n\t\t\t\t\t\t\t\t\t<p><main id=\"page-main\"><\/p>\n<p>If necessary due to legal or technical developments, we will update this privacy policy and make it available on the website.<\/p>\n<p><\/main><\/p>\n\t\t\t\t\t\t\t\t<\/div>\n\t\t\t\t<\/div>\n\t\t\t\t\t<\/div>\n\t\t<\/div>\n\t\t\t\t\t<\/div>\n\t\t<\/section>\n\t\t\t\t<\/div>\n\t\t","protected":false},"excerpt":{"rendered":"<p>Privacy policy Person in charge and personal data Responsible for data processing on this website is the V\u00f6lkl Attorneys at Law Ltd.Neutorgasse 12\/91010 ViennaT +43 1 934 60 68E office@voelkl-partners.at If you have any questions about the processing of your data, please feel free to contact us by e-mail or by post. Personal data is&hellip;&nbsp;<\/p>\n","protected":false},"author":2,"featured_media":0,"parent":0,"menu_order":0,"comment_status":"closed","ping_status":"closed","template":"page-templates\/template-pagebuilder-full-width.php","meta":{"neve_meta_sidebar":"","neve_meta_container":"","neve_meta_enable_content_width":"","neve_meta_content_width":0,"neve_meta_title_alignment":"","neve_meta_author_avatar":"","neve_post_elements_order":"","neve_meta_disable_header":"","neve_meta_disable_footer":"","neve_meta_disable_title":"","neve_meta_reading_time":"","footnotes":""},"class_list":["post-4025","page","type-page","status-publish","hentry"],"yoast_head":"<!-- This site is optimized with the Yoast SEO plugin v27.3 - https:\/\/yoast.com\/product\/yoast-seo-wordpress\/ -->\n<title>Privacy - V\u00f6lkl Rechtsanw\u00e4lte<\/title>\n<meta name=\"robots\" content=\"noindex, nofollow\" \/>\n<meta property=\"og:locale\" content=\"en_US\" \/>\n<meta property=\"og:type\" content=\"article\" \/>\n<meta property=\"og:title\" content=\"Privacy - V\u00f6lkl Rechtsanw\u00e4lte\" \/>\n<meta property=\"og:description\" content=\"Privacy policy Person in charge and personal data Responsible for data processing on this website is the V\u00f6lkl Attorneys at Law Ltd.Neutorgasse 12\/91010 ViennaT +43 1 934 60 68E office@voelkl-partners.at If you have any questions about the processing of your data, please feel free to contact us by e-mail or by post. Personal data is&hellip;&nbsp;\" \/>\n<meta property=\"og:url\" content=\"https:\/\/www.voelkl-partners.at\/en\/privacy\/\" \/>\n<meta property=\"og:site_name\" content=\"V\u00f6lkl Rechtsanw\u00e4lte\" \/>\n<meta property=\"article:modified_time\" content=\"2024-04-24T06:51:50+00:00\" \/>\n<meta name=\"twitter:card\" content=\"summary_large_image\" \/>\n<meta name=\"twitter:label1\" content=\"Est. reading time\" \/>\n\t<meta name=\"twitter:data1\" content=\"5 minutes\" \/>\n<script type=\"application\/ld+json\" class=\"yoast-schema-graph\">{\"@context\":\"https:\\\/\\\/schema.org\",\"@graph\":[{\"@type\":\"WebPage\",\"@id\":\"https:\\\/\\\/www.voelkl-partners.at\\\/en\\\/privacy\\\/\",\"url\":\"https:\\\/\\\/www.voelkl-partners.at\\\/en\\\/privacy\\\/\",\"name\":\"Privacy - V\u00f6lkl Rechtsanw\u00e4lte\",\"isPartOf\":{\"@id\":\"https:\\\/\\\/www.voelkl-partners.at\\\/en\\\/#website\"},\"datePublished\":\"2022-08-03T13:28:29+00:00\",\"dateModified\":\"2024-04-24T06:51:50+00:00\",\"breadcrumb\":{\"@id\":\"https:\\\/\\\/www.voelkl-partners.at\\\/en\\\/privacy\\\/#breadcrumb\"},\"inLanguage\":\"en-US\",\"potentialAction\":[{\"@type\":\"ReadAction\",\"target\":[\"https:\\\/\\\/www.voelkl-partners.at\\\/en\\\/privacy\\\/\"]}]},{\"@type\":\"BreadcrumbList\",\"@id\":\"https:\\\/\\\/www.voelkl-partners.at\\\/en\\\/privacy\\\/#breadcrumb\",\"itemListElement\":[{\"@type\":\"ListItem\",\"position\":1,\"name\":\"Home\",\"item\":\"https:\\\/\\\/www.voelkl-partners.at\\\/en\\\/\"},{\"@type\":\"ListItem\",\"position\":2,\"name\":\"Privacy\"}]},{\"@type\":\"WebSite\",\"@id\":\"https:\\\/\\\/www.voelkl-partners.at\\\/en\\\/#website\",\"url\":\"https:\\\/\\\/www.voelkl-partners.at\\\/en\\\/\",\"name\":\"V\u00f6lkl Rechtsanw\u00e4lte\",\"description\":\"Wir unterst\u00fctzen Sie in allen wirtschaftsrechtlichen Belangen!\",\"publisher\":{\"@id\":\"https:\\\/\\\/www.voelkl-partners.at\\\/en\\\/#organization\"},\"potentialAction\":[{\"@type\":\"SearchAction\",\"target\":{\"@type\":\"EntryPoint\",\"urlTemplate\":\"https:\\\/\\\/www.voelkl-partners.at\\\/en\\\/?s={search_term_string}\"},\"query-input\":{\"@type\":\"PropertyValueSpecification\",\"valueRequired\":true,\"valueName\":\"search_term_string\"}}],\"inLanguage\":\"en-US\"},{\"@type\":\"Organization\",\"@id\":\"https:\\\/\\\/www.voelkl-partners.at\\\/en\\\/#organization\",\"name\":\"V\u00f6lkl Rechtsanw\u00e4lte\",\"url\":\"https:\\\/\\\/www.voelkl-partners.at\\\/en\\\/\",\"logo\":{\"@type\":\"ImageObject\",\"inLanguage\":\"en-US\",\"@id\":\"https:\\\/\\\/www.voelkl-partners.at\\\/en\\\/#\\\/schema\\\/logo\\\/image\\\/\",\"url\":\"https:\\\/\\\/www.voelkl-partners.at\\\/wp-content\\\/uploads\\\/2022\\\/08\\\/voelkl_logo_rgb_300dpi_neg.png\",\"contentUrl\":\"https:\\\/\\\/www.voelkl-partners.at\\\/wp-content\\\/uploads\\\/2022\\\/08\\\/voelkl_logo_rgb_300dpi_neg.png\",\"width\":3695,\"height\":1500,\"caption\":\"V\u00f6lkl Rechtsanw\u00e4lte\"},\"image\":{\"@id\":\"https:\\\/\\\/www.voelkl-partners.at\\\/en\\\/#\\\/schema\\\/logo\\\/image\\\/\"}}]}<\/script>\n<!-- \/ Yoast SEO plugin. -->","yoast_head_json":{"title":"Privacy - V\u00f6lkl Rechtsanw\u00e4lte","robots":{"index":"noindex","follow":"nofollow"},"og_locale":"en_US","og_type":"article","og_title":"Privacy - V\u00f6lkl Rechtsanw\u00e4lte","og_description":"Privacy policy Person in charge and personal data Responsible for data processing on this website is the V\u00f6lkl Attorneys at Law Ltd.Neutorgasse 12\/91010 ViennaT +43 1 934 60 68E office@voelkl-partners.at If you have any questions about the processing of your data, please feel free to contact us by e-mail or by post. Personal data is&hellip;&nbsp;","og_url":"https:\/\/www.voelkl-partners.at\/en\/privacy\/","og_site_name":"V\u00f6lkl Rechtsanw\u00e4lte","article_modified_time":"2024-04-24T06:51:50+00:00","twitter_card":"summary_large_image","twitter_misc":{"Est. reading time":"5 minutes"},"schema":{"@context":"https:\/\/schema.org","@graph":[{"@type":"WebPage","@id":"https:\/\/www.voelkl-partners.at\/en\/privacy\/","url":"https:\/\/www.voelkl-partners.at\/en\/privacy\/","name":"Privacy - V\u00f6lkl Rechtsanw\u00e4lte","isPartOf":{"@id":"https:\/\/www.voelkl-partners.at\/en\/#website"},"datePublished":"2022-08-03T13:28:29+00:00","dateModified":"2024-04-24T06:51:50+00:00","breadcrumb":{"@id":"https:\/\/www.voelkl-partners.at\/en\/privacy\/#breadcrumb"},"inLanguage":"en-US","potentialAction":[{"@type":"ReadAction","target":["https:\/\/www.voelkl-partners.at\/en\/privacy\/"]}]},{"@type":"BreadcrumbList","@id":"https:\/\/www.voelkl-partners.at\/en\/privacy\/#breadcrumb","itemListElement":[{"@type":"ListItem","position":1,"name":"Home","item":"https:\/\/www.voelkl-partners.at\/en\/"},{"@type":"ListItem","position":2,"name":"Privacy"}]},{"@type":"WebSite","@id":"https:\/\/www.voelkl-partners.at\/en\/#website","url":"https:\/\/www.voelkl-partners.at\/en\/","name":"V\u00f6lkl Rechtsanw\u00e4lte","description":"Wir unterst\u00fctzen Sie in allen wirtschaftsrechtlichen Belangen!","publisher":{"@id":"https:\/\/www.voelkl-partners.at\/en\/#organization"},"potentialAction":[{"@type":"SearchAction","target":{"@type":"EntryPoint","urlTemplate":"https:\/\/www.voelkl-partners.at\/en\/?s={search_term_string}"},"query-input":{"@type":"PropertyValueSpecification","valueRequired":true,"valueName":"search_term_string"}}],"inLanguage":"en-US"},{"@type":"Organization","@id":"https:\/\/www.voelkl-partners.at\/en\/#organization","name":"V\u00f6lkl Rechtsanw\u00e4lte","url":"https:\/\/www.voelkl-partners.at\/en\/","logo":{"@type":"ImageObject","inLanguage":"en-US","@id":"https:\/\/www.voelkl-partners.at\/en\/#\/schema\/logo\/image\/","url":"https:\/\/www.voelkl-partners.at\/wp-content\/uploads\/2022\/08\/voelkl_logo_rgb_300dpi_neg.png","contentUrl":"https:\/\/www.voelkl-partners.at\/wp-content\/uploads\/2022\/08\/voelkl_logo_rgb_300dpi_neg.png","width":3695,"height":1500,"caption":"V\u00f6lkl Rechtsanw\u00e4lte"},"image":{"@id":"https:\/\/www.voelkl-partners.at\/en\/#\/schema\/logo\/image\/"}}]}},"_links":{"self":[{"href":"https:\/\/www.voelkl-partners.at\/en\/wp-json\/wp\/v2\/pages\/4025","targetHints":{"allow":["GET"]}}],"collection":[{"href":"https:\/\/www.voelkl-partners.at\/en\/wp-json\/wp\/v2\/pages"}],"about":[{"href":"https:\/\/www.voelkl-partners.at\/en\/wp-json\/wp\/v2\/types\/page"}],"author":[{"embeddable":true,"href":"https:\/\/www.voelkl-partners.at\/en\/wp-json\/wp\/v2\/users\/2"}],"replies":[{"embeddable":true,"href":"https:\/\/www.voelkl-partners.at\/en\/wp-json\/wp\/v2\/comments?post=4025"}],"version-history":[{"count":5,"href":"https:\/\/www.voelkl-partners.at\/en\/wp-json\/wp\/v2\/pages\/4025\/revisions"}],"predecessor-version":[{"id":4813,"href":"https:\/\/www.voelkl-partners.at\/en\/wp-json\/wp\/v2\/pages\/4025\/revisions\/4813"}],"wp:attachment":[{"href":"https:\/\/www.voelkl-partners.at\/en\/wp-json\/wp\/v2\/media?parent=4025"}],"curies":[{"name":"wp","href":"https:\/\/api.w.org\/{rel}","templated":true}]}}